{"id":10987,"date":"2016-12-13T12:34:31","date_gmt":"2016-12-13T11:34:31","guid":{"rendered":"https:\/\/www.aidantsproches.brussels\/donnees-personnelles\/"},"modified":"2022-01-13T09:56:06","modified_gmt":"2022-01-13T08:56:06","slug":"donnees-personnelles","status":"publish","type":"page","link":"https:\/\/www.aidantsproches.brussels\/nl\/donnees-personnelles\/","title":{"rendered":"Persoonlijke gegevens"},"content":{"rendered":"<p>Als liefdadig initiatief steunt de vzw Aidants proches Bruxelles op de wettelijke basis van het legitieme belang, om de burger bewust te maken en essenti\u00eble financi\u00eble steun te vragen om haar missie tegenover de mantelzorgers te kunnen uitvoeren.<\/p>\n<p>Vanuit haar wil om kwalitatieve interacties te verzekeren, biedt de vzw Aidants proches Bruxelles de mogelijkheid om systematisch het gewenste communicatiekanaal te kiezen, maar vanzelfsprekend ook om elke vorm van communicatie stop te zetten en toegang te verkrijgen tot zijn rechten, conform de Europese regelgeving.<\/p>\n<p>De vzw Aidants proches Bruxelles is zich terdege bewust van de mogelijke impact van een eventueel verlies van de persoonlijke gegevens van haar begunstigden. Daarom stellen wij alles in het werk om die maximaal te beschermen.<\/p>\n<p>Onze werknemers en vrijwilligers verbinden zich ertoe om:<\/p>\n<ul>\n<li>aan de betrokken personen het uiteindelijke doel van de verzamelde gegevens mee te delen;<\/li>\n<li>de informatie over begunstigden, donateurs, partners, werknemers enz enkel te gebruiken voor de voorziene doeleinden en gedurende de <strong>wettelijke<\/strong> bewaartermijn en\/of bepaald door de specifieke behoeften van de organisatie.<\/li>\n<li>welwillend en discreet te waken over de soms gevoelige aard van de priv\u00e9gegevens, die worden toevertrouwd aan de vzw Aidants proches Bruxelles;<\/li>\n<li>deze informatie te beveiligen.<\/li>\n<\/ul>\n<p>Uw gegevens dienen niet en zullen nooit dienen voor een ander doeleinde dan om de mantelzorgers te informeren en ondersteunen. Ze blijven vertrouwelijk en worden nooit verhuurd, uitgeleend of gegeven aan derden.<\/p>\n<p>De vzw respecteert in haar parktijken (en blijf respecteren):<\/p>\n<ul>\n<li>het recht om foute gegevens te verbeteren of om de verwerking van bepaalde gegevens te beperken.<\/li>\n<li>het recht om het verwijderen van bepaalde gegevens te vragen.<\/li>\n<li>het recht om zich te verzetten tegen sommige verwerkingen, zoals profileren voor marketingdoeleinden.<\/li>\n<li>Het recht op gegevensoverdraagbaarheid.<\/li>\n<\/ul>\n<p>M.a.w. de RGDP-regelgeving (algemene verordening gegevensbescherming) te volgen, zoals goedgekeurd door het Europese parlement. (RGPD 2016\/679).<\/p>\n<p>U kunt op elk gewenst moment <strong>uw persoonlijke gegevens <\/strong>die door de vzw Aidants proches Bruxelles beheerd worden <strong>raadplegen, wijzigen of schrappen<\/strong> na het indienen van een verzoek via onderstaand formulier.<\/p>\n<p>Desgevallend nemen wij contact met u op om uw identiteit na te gaan en\/of de geldigheid van uw aanvraag in functie van de betreffende gegevens.<\/p>\n<p>Wij zullen uw verzoek met gepaste aandacht onderzoeken en u op de hoogte houden van wat er met de gegevens gebeurt.<\/p>\n<p>Meer weten over de verbintenissen van de vzw Aidants Proches Bruxelles met betrekking tot RGDP? Onze afgevaardigde gegevensbescherming staat tot uw dienst.<\/p>\n\n<div class=\"wpcf7 no-js\" id=\"wpcf7-f11055-o1\" lang=\"nl-NL\" dir=\"ltr\" data-wpcf7-id=\"11055\">\n<div class=\"screen-reader-response\"><p role=\"status\" aria-live=\"polite\" aria-atomic=\"true\"><\/p> <ul><\/ul><\/div>\n<form action=\"\/nl\/wp-json\/wp\/v2\/pages\/10987#wpcf7-f11055-o1\" method=\"post\" class=\"wpcf7-form init\" aria-label=\"Contactformulier\" novalidate=\"novalidate\" data-status=\"init\">\n<fieldset class=\"hidden-fields-container\"><input type=\"hidden\" name=\"_wpcf7\" value=\"11055\" \/><input type=\"hidden\" name=\"_wpcf7_version\" value=\"6.1.5\" \/><input type=\"hidden\" name=\"_wpcf7_locale\" value=\"nl_NL\" \/><input type=\"hidden\" name=\"_wpcf7_unit_tag\" value=\"wpcf7-f11055-o1\" \/><input type=\"hidden\" name=\"_wpcf7_container_post\" value=\"0\" \/><input type=\"hidden\" name=\"_wpcf7_posted_data_hash\" value=\"\" \/>\n<\/fieldset>\n<div class=\"wpcf7-turnstile cf-turnstile\" data-sitekey=\"0x4AAAAAABo31Ux86lO4u-ds\" data-response-field-name=\"_wpcf7_turnstile_response\"><\/div>\n\n<h2>NEEM CONTACT OP MET ONZE AFGEVAARDIGDE GEGEVENSBESCHERMING <\/h2>\n<p>Aarzel niet om dit formulier in te vullen en uw vragen te stellen aan de afgevaardigde gegevensbescherming van Aidants Proches Bruxelles.<\/p>\n<h3>Uw identiteit <\/h3>\n\n<p><label>voornaam(*)\n<span class=\"wpcf7-form-control-wrap\" data-name=\"prenom\"><input size=\"40\" maxlength=\"400\" class=\"wpcf7-form-control wpcf7-text wpcf7-validates-as-required\" aria-required=\"true\" aria-invalid=\"false\" value=\"\" type=\"text\" name=\"prenom\" \/><\/span><\/label><\/p>\n<p><label>naam (*)\n<span class=\"wpcf7-form-control-wrap\" data-name=\"nom\"><input size=\"40\" maxlength=\"400\" class=\"wpcf7-form-control wpcf7-text wpcf7-validates-as-required\" aria-required=\"true\" aria-invalid=\"false\" value=\"\" type=\"text\" name=\"nom\" \/><\/span> <\/label><\/p>\n\n<p><label> Uw mailadres (*)\n    <span class=\"wpcf7-form-control-wrap\" data-name=\"your-email\"><input size=\"40\" maxlength=\"400\" class=\"wpcf7-form-control wpcf7-email wpcf7-validates-as-required wpcf7-text wpcf7-validates-as-email\" aria-required=\"true\" aria-invalid=\"false\" value=\"\" type=\"email\" name=\"your-email\" \/><\/span> <\/label><\/p>\n\n<p><label> Uw bericht (*)\n    <span class=\"wpcf7-form-control-wrap\" data-name=\"your-message\"><textarea cols=\"40\" rows=\"10\" maxlength=\"2000\" class=\"wpcf7-form-control wpcf7-textarea wpcf7-validates-as-required\" aria-required=\"true\" aria-invalid=\"false\" name=\"your-message\"><\/textarea><\/span> <\/label><\/p>\n\n<input class=\"wpcf7-form-control wpcf7-submit has-spinner\" type=\"submit\" value=\"Versturen\" \/><div class=\"wpcf7-response-output\" aria-hidden=\"true\"><\/div>\n<\/form>\n<\/div>\n\n<p>&nbsp;<\/p>\n","protected":false},"excerpt":{"rendered":"Als liefdadig initiatief steunt de vzw Aidants proches Bruxelles op de wettelijke basis van het legitieme belang, om de burger bewust te maken en essenti\u00eble financi\u00eble steun te vragen om haar missie tegenover de mantelzorgers te kunnen uitvoeren. Vanuit haar wil om kwalitatieve interacties te verzekeren, biedt de vzw Aidants proches Bruxelles de mogelijkheid om&#8230; <a class=\"view-article\" href=\"https:\/\/www.aidantsproches.brussels\/nl\/donnees-personnelles\/\">Bekijk Artikel<\/a>","protected":false},"author":1,"featured_media":0,"parent":0,"menu_order":67,"comment_status":"closed","ping_status":"closed","template":"","meta":{"_acf_changed":false,"footnotes":""},"class_list":["post-10987","page","type-page","status-publish","hentry"],"acf":[],"yoast_head":"<!-- This site is optimized with the Yoast SEO plugin v27.6 - https:\/\/yoast.com\/product\/yoast-seo-wordpress\/ -->\n<title>Aidants proches Bruxelles - Informe et soutient les Aidants Proches bruxellois<\/title>\n<meta name=\"description\" content=\"Aidants proches Bruxelles est une ASBL qui a pour missions et objectifs d&#039;informer et soutenir les Aidants Proches bruxellois afin de aire \u00e9voluer les mentalit\u00e9s par rapport \u00e0 la probl\u00e9matique des Aidants Proches\" \/>\n<meta name=\"robots\" content=\"index, follow, max-snippet:-1, max-image-preview:large, max-video-preview:-1\" \/>\n<link rel=\"canonical\" href=\"https:\/\/www.aidantsproches.brussels\/nl\/donnees-personnelles\/\" \/>\n<meta property=\"og:locale\" content=\"nl_NL\" \/>\n<meta property=\"og:type\" content=\"article\" \/>\n<meta property=\"og:title\" content=\"Aidants proches Bruxelles - Informe et soutient les Aidants Proches bruxellois\" \/>\n<meta property=\"og:description\" content=\"Aidants proches Bruxelles est une ASBL qui a pour missions et objectifs d&#039;informer et soutenir les Aidants Proches bruxellois afin de aire \u00e9voluer les mentalit\u00e9s par rapport \u00e0 la probl\u00e9matique des Aidants Proches\" \/>\n<meta property=\"og:url\" content=\"https:\/\/www.aidantsproches.brussels\/nl\/donnees-personnelles\/\" \/>\n<meta property=\"og:site_name\" content=\"Aidants Proches\" \/>\n<meta property=\"article:modified_time\" content=\"2022-01-13T08:56:06+00:00\" \/>\n<meta name=\"twitter:card\" content=\"summary_large_image\" \/>\n<meta name=\"twitter:label1\" content=\"Geschatte leestijd\" \/>\n\t<meta name=\"twitter:data1\" content=\"2 minuten\" \/>\n<script type=\"application\/ld+json\" class=\"yoast-schema-graph\">{\"@context\":\"https:\\\/\\\/schema.org\",\"@graph\":[{\"@type\":\"WebPage\",\"@id\":\"https:\\\/\\\/www.aidantsproches.brussels\\\/nl\\\/donnees-personnelles\\\/\",\"url\":\"https:\\\/\\\/www.aidantsproches.brussels\\\/nl\\\/donnees-personnelles\\\/\",\"name\":\"Aidants proches Bruxelles - Informe et soutient les Aidants Proches bruxellois\",\"isPartOf\":{\"@id\":\"https:\\\/\\\/www.aidantsproches.brussels\\\/nl\\\/#website\"},\"datePublished\":\"2016-12-13T11:34:31+00:00\",\"dateModified\":\"2022-01-13T08:56:06+00:00\",\"description\":\"Aidants proches Bruxelles est une ASBL qui a pour missions et objectifs d'informer et soutenir les Aidants Proches bruxellois afin de aire \u00e9voluer les mentalit\u00e9s par rapport \u00e0 la probl\u00e9matique des Aidants Proches\",\"breadcrumb\":{\"@id\":\"https:\\\/\\\/www.aidantsproches.brussels\\\/nl\\\/donnees-personnelles\\\/#breadcrumb\"},\"inLanguage\":\"nl-NL\",\"potentialAction\":[{\"@type\":\"ReadAction\",\"target\":[\"https:\\\/\\\/www.aidantsproches.brussels\\\/nl\\\/donnees-personnelles\\\/\"]}]},{\"@type\":\"BreadcrumbList\",\"@id\":\"https:\\\/\\\/www.aidantsproches.brussels\\\/nl\\\/donnees-personnelles\\\/#breadcrumb\",\"itemListElement\":[{\"@type\":\"ListItem\",\"position\":1,\"name\":\"Accueil\",\"item\":\"https:\\\/\\\/www.aidantsproches.brussels\\\/nl\\\/accueil\\\/\"},{\"@type\":\"ListItem\",\"position\":2,\"name\":\"Persoonlijke gegevens\"}]},{\"@type\":\"WebSite\",\"@id\":\"https:\\\/\\\/www.aidantsproches.brussels\\\/nl\\\/#website\",\"url\":\"https:\\\/\\\/www.aidantsproches.brussels\\\/nl\\\/\",\"name\":\"Aidants Proches\",\"description\":\"\",\"potentialAction\":[{\"@type\":\"SearchAction\",\"target\":{\"@type\":\"EntryPoint\",\"urlTemplate\":\"https:\\\/\\\/www.aidantsproches.brussels\\\/nl\\\/?s={search_term_string}\"},\"query-input\":{\"@type\":\"PropertyValueSpecification\",\"valueRequired\":true,\"valueName\":\"search_term_string\"}}],\"inLanguage\":\"nl-NL\"}]}<\/script>\n<!-- \/ Yoast SEO plugin. -->","yoast_head_json":{"title":"Aidants proches Bruxelles - Informe et soutient les Aidants Proches bruxellois","description":"Aidants proches Bruxelles est une ASBL qui a pour missions et objectifs d'informer et soutenir les Aidants Proches bruxellois afin de aire \u00e9voluer les mentalit\u00e9s par rapport \u00e0 la probl\u00e9matique des Aidants Proches","robots":{"index":"index","follow":"follow","max-snippet":"max-snippet:-1","max-image-preview":"max-image-preview:large","max-video-preview":"max-video-preview:-1"},"canonical":"https:\/\/www.aidantsproches.brussels\/nl\/donnees-personnelles\/","og_locale":"nl_NL","og_type":"article","og_title":"Aidants proches Bruxelles - Informe et soutient les Aidants Proches bruxellois","og_description":"Aidants proches Bruxelles est une ASBL qui a pour missions et objectifs d'informer et soutenir les Aidants Proches bruxellois afin de aire \u00e9voluer les mentalit\u00e9s par rapport \u00e0 la probl\u00e9matique des Aidants Proches","og_url":"https:\/\/www.aidantsproches.brussels\/nl\/donnees-personnelles\/","og_site_name":"Aidants Proches","article_modified_time":"2022-01-13T08:56:06+00:00","twitter_card":"summary_large_image","twitter_misc":{"Geschatte leestijd":"2 minuten"},"schema":{"@context":"https:\/\/schema.org","@graph":[{"@type":"WebPage","@id":"https:\/\/www.aidantsproches.brussels\/nl\/donnees-personnelles\/","url":"https:\/\/www.aidantsproches.brussels\/nl\/donnees-personnelles\/","name":"Aidants proches Bruxelles - Informe et soutient les Aidants Proches bruxellois","isPartOf":{"@id":"https:\/\/www.aidantsproches.brussels\/nl\/#website"},"datePublished":"2016-12-13T11:34:31+00:00","dateModified":"2022-01-13T08:56:06+00:00","description":"Aidants proches Bruxelles est une ASBL qui a pour missions et objectifs d'informer et soutenir les Aidants Proches bruxellois afin de aire \u00e9voluer les mentalit\u00e9s par rapport \u00e0 la probl\u00e9matique des Aidants Proches","breadcrumb":{"@id":"https:\/\/www.aidantsproches.brussels\/nl\/donnees-personnelles\/#breadcrumb"},"inLanguage":"nl-NL","potentialAction":[{"@type":"ReadAction","target":["https:\/\/www.aidantsproches.brussels\/nl\/donnees-personnelles\/"]}]},{"@type":"BreadcrumbList","@id":"https:\/\/www.aidantsproches.brussels\/nl\/donnees-personnelles\/#breadcrumb","itemListElement":[{"@type":"ListItem","position":1,"name":"Accueil","item":"https:\/\/www.aidantsproches.brussels\/nl\/accueil\/"},{"@type":"ListItem","position":2,"name":"Persoonlijke gegevens"}]},{"@type":"WebSite","@id":"https:\/\/www.aidantsproches.brussels\/nl\/#website","url":"https:\/\/www.aidantsproches.brussels\/nl\/","name":"Aidants Proches","description":"","potentialAction":[{"@type":"SearchAction","target":{"@type":"EntryPoint","urlTemplate":"https:\/\/www.aidantsproches.brussels\/nl\/?s={search_term_string}"},"query-input":{"@type":"PropertyValueSpecification","valueRequired":true,"valueName":"search_term_string"}}],"inLanguage":"nl-NL"}]}},"_links":{"self":[{"href":"https:\/\/www.aidantsproches.brussels\/nl\/wp-json\/wp\/v2\/pages\/10987","targetHints":{"allow":["GET"]}}],"collection":[{"href":"https:\/\/www.aidantsproches.brussels\/nl\/wp-json\/wp\/v2\/pages"}],"about":[{"href":"https:\/\/www.aidantsproches.brussels\/nl\/wp-json\/wp\/v2\/types\/page"}],"author":[{"embeddable":true,"href":"https:\/\/www.aidantsproches.brussels\/nl\/wp-json\/wp\/v2\/users\/1"}],"replies":[{"embeddable":true,"href":"https:\/\/www.aidantsproches.brussels\/nl\/wp-json\/wp\/v2\/comments?post=10987"}],"version-history":[{"count":2,"href":"https:\/\/www.aidantsproches.brussels\/nl\/wp-json\/wp\/v2\/pages\/10987\/revisions"}],"predecessor-version":[{"id":11033,"href":"https:\/\/www.aidantsproches.brussels\/nl\/wp-json\/wp\/v2\/pages\/10987\/revisions\/11033"}],"wp:attachment":[{"href":"https:\/\/www.aidantsproches.brussels\/nl\/wp-json\/wp\/v2\/media?parent=10987"}],"curies":[{"name":"wp","href":"https:\/\/api.w.org\/{rel}","templated":true}]}}