{"id":10982,"date":"2016-12-15T15:36:45","date_gmt":"2016-12-15T14:36:45","guid":{"rendered":"https:\/\/www.aidantsproches.brussels\/soutien-aux-aidants\/temoignages\/"},"modified":"2016-12-15T15:36:45","modified_gmt":"2016-12-15T14:36:45","slug":"temoignages","status":"publish","type":"page","link":"https:\/\/www.aidantsproches.brussels\/nl\/soutien-aux-aidants\/temoignages\/","title":{"rendered":"T\u00e9moignages"},"content":{"rendered":"","protected":false},"excerpt":{"rendered":"","protected":false},"author":1,"featured_media":0,"parent":10978,"menu_order":61,"comment_status":"closed","ping_status":"closed","template":"template-temoignages.php","meta":{"_acf_changed":false,"footnotes":""},"class_list":["post-10982","page","type-page","status-publish","hentry"],"acf":[],"yoast_head":"<!-- This site is optimized with the Yoast SEO plugin v27.6 - https:\/\/yoast.com\/product\/yoast-seo-wordpress\/ -->\n<title>T\u00e9moignages d&#039;aidants proches<\/title>\n<meta name=\"description\" content=\"Vous aidez votre proche en perte d&#039;autonomie ? D\u00e9couvrez les t\u00e9moignages d&#039;autres aidants proches.\" \/>\n<meta name=\"robots\" content=\"index, follow, max-snippet:-1, max-image-preview:large, max-video-preview:-1\" \/>\n<link rel=\"canonical\" href=\"https:\/\/www.aidantsproches.brussels\/nl\/soutien-aux-aidants\/temoignages\/\" \/>\n<meta property=\"og:locale\" content=\"nl_NL\" \/>\n<meta property=\"og:type\" content=\"article\" \/>\n<meta property=\"og:title\" content=\"T\u00e9moignages d&#039;aidants proches\" \/>\n<meta property=\"og:description\" content=\"Vous aidez votre proche en perte d&#039;autonomie ? D\u00e9couvrez les t\u00e9moignages d&#039;autres aidants proches.\" \/>\n<meta property=\"og:url\" content=\"https:\/\/www.aidantsproches.brussels\/nl\/soutien-aux-aidants\/temoignages\/\" \/>\n<meta property=\"og:site_name\" content=\"Aidants Proches\" \/>\n<meta name=\"twitter:card\" content=\"summary_large_image\" \/>\n<script type=\"application\/ld+json\" class=\"yoast-schema-graph\">{\"@context\":\"https:\\\/\\\/schema.org\",\"@graph\":[{\"@type\":\"WebPage\",\"@id\":\"https:\\\/\\\/www.aidantsproches.brussels\\\/nl\\\/soutien-aux-aidants\\\/temoignages\\\/\",\"url\":\"https:\\\/\\\/www.aidantsproches.brussels\\\/nl\\\/soutien-aux-aidants\\\/temoignages\\\/\",\"name\":\"T\u00e9moignages d'aidants proches\",\"isPartOf\":{\"@id\":\"https:\\\/\\\/www.aidantsproches.brussels\\\/nl\\\/#website\"},\"datePublished\":\"2016-12-15T14:36:45+00:00\",\"description\":\"Vous aidez votre proche en perte d'autonomie ? D\u00e9couvrez les t\u00e9moignages d'autres aidants proches.\",\"breadcrumb\":{\"@id\":\"https:\\\/\\\/www.aidantsproches.brussels\\\/nl\\\/soutien-aux-aidants\\\/temoignages\\\/#breadcrumb\"},\"inLanguage\":\"nl-NL\",\"potentialAction\":[{\"@type\":\"ReadAction\",\"target\":[\"https:\\\/\\\/www.aidantsproches.brussels\\\/nl\\\/soutien-aux-aidants\\\/temoignages\\\/\"]}]},{\"@type\":\"BreadcrumbList\",\"@id\":\"https:\\\/\\\/www.aidantsproches.brussels\\\/nl\\\/soutien-aux-aidants\\\/temoignages\\\/#breadcrumb\",\"itemListElement\":[{\"@type\":\"ListItem\",\"position\":1,\"name\":\"Accueil\",\"item\":\"https:\\\/\\\/www.aidantsproches.brussels\\\/nl\\\/accueil\\\/\"},{\"@type\":\"ListItem\",\"position\":2,\"name\":\"Tools voor mantelzorgers\",\"item\":\"https:\\\/\\\/www.aidantsproches.brussels\\\/nl\\\/soutien-aux-aidants\\\/\"},{\"@type\":\"ListItem\",\"position\":3,\"name\":\"T\u00e9moignages\"}]},{\"@type\":\"WebSite\",\"@id\":\"https:\\\/\\\/www.aidantsproches.brussels\\\/nl\\\/#website\",\"url\":\"https:\\\/\\\/www.aidantsproches.brussels\\\/nl\\\/\",\"name\":\"Aidants Proches\",\"description\":\"\",\"potentialAction\":[{\"@type\":\"SearchAction\",\"target\":{\"@type\":\"EntryPoint\",\"urlTemplate\":\"https:\\\/\\\/www.aidantsproches.brussels\\\/nl\\\/?s={search_term_string}\"},\"query-input\":{\"@type\":\"PropertyValueSpecification\",\"valueRequired\":true,\"valueName\":\"search_term_string\"}}],\"inLanguage\":\"nl-NL\"}]}<\/script>\n<!-- \/ Yoast SEO plugin. -->","yoast_head_json":{"title":"T\u00e9moignages d'aidants proches","description":"Vous aidez votre proche en perte d'autonomie ? D\u00e9couvrez les t\u00e9moignages d'autres aidants proches.","robots":{"index":"index","follow":"follow","max-snippet":"max-snippet:-1","max-image-preview":"max-image-preview:large","max-video-preview":"max-video-preview:-1"},"canonical":"https:\/\/www.aidantsproches.brussels\/nl\/soutien-aux-aidants\/temoignages\/","og_locale":"nl_NL","og_type":"article","og_title":"T\u00e9moignages d'aidants proches","og_description":"Vous aidez votre proche en perte d'autonomie ? D\u00e9couvrez les t\u00e9moignages d'autres aidants proches.","og_url":"https:\/\/www.aidantsproches.brussels\/nl\/soutien-aux-aidants\/temoignages\/","og_site_name":"Aidants Proches","twitter_card":"summary_large_image","schema":{"@context":"https:\/\/schema.org","@graph":[{"@type":"WebPage","@id":"https:\/\/www.aidantsproches.brussels\/nl\/soutien-aux-aidants\/temoignages\/","url":"https:\/\/www.aidantsproches.brussels\/nl\/soutien-aux-aidants\/temoignages\/","name":"T\u00e9moignages d'aidants proches","isPartOf":{"@id":"https:\/\/www.aidantsproches.brussels\/nl\/#website"},"datePublished":"2016-12-15T14:36:45+00:00","description":"Vous aidez votre proche en perte d'autonomie ? D\u00e9couvrez les t\u00e9moignages d'autres aidants proches.","breadcrumb":{"@id":"https:\/\/www.aidantsproches.brussels\/nl\/soutien-aux-aidants\/temoignages\/#breadcrumb"},"inLanguage":"nl-NL","potentialAction":[{"@type":"ReadAction","target":["https:\/\/www.aidantsproches.brussels\/nl\/soutien-aux-aidants\/temoignages\/"]}]},{"@type":"BreadcrumbList","@id":"https:\/\/www.aidantsproches.brussels\/nl\/soutien-aux-aidants\/temoignages\/#breadcrumb","itemListElement":[{"@type":"ListItem","position":1,"name":"Accueil","item":"https:\/\/www.aidantsproches.brussels\/nl\/accueil\/"},{"@type":"ListItem","position":2,"name":"Tools voor mantelzorgers","item":"https:\/\/www.aidantsproches.brussels\/nl\/soutien-aux-aidants\/"},{"@type":"ListItem","position":3,"name":"T\u00e9moignages"}]},{"@type":"WebSite","@id":"https:\/\/www.aidantsproches.brussels\/nl\/#website","url":"https:\/\/www.aidantsproches.brussels\/nl\/","name":"Aidants Proches","description":"","potentialAction":[{"@type":"SearchAction","target":{"@type":"EntryPoint","urlTemplate":"https:\/\/www.aidantsproches.brussels\/nl\/?s={search_term_string}"},"query-input":{"@type":"PropertyValueSpecification","valueRequired":true,"valueName":"search_term_string"}}],"inLanguage":"nl-NL"}]}},"_links":{"self":[{"href":"https:\/\/www.aidantsproches.brussels\/nl\/wp-json\/wp\/v2\/pages\/10982","targetHints":{"allow":["GET"]}}],"collection":[{"href":"https:\/\/www.aidantsproches.brussels\/nl\/wp-json\/wp\/v2\/pages"}],"about":[{"href":"https:\/\/www.aidantsproches.brussels\/nl\/wp-json\/wp\/v2\/types\/page"}],"author":[{"embeddable":true,"href":"https:\/\/www.aidantsproches.brussels\/nl\/wp-json\/wp\/v2\/users\/1"}],"replies":[{"embeddable":true,"href":"https:\/\/www.aidantsproches.brussels\/nl\/wp-json\/wp\/v2\/comments?post=10982"}],"version-history":[{"count":0,"href":"https:\/\/www.aidantsproches.brussels\/nl\/wp-json\/wp\/v2\/pages\/10982\/revisions"}],"up":[{"embeddable":true,"href":"https:\/\/www.aidantsproches.brussels\/nl\/wp-json\/wp\/v2\/pages\/10978"}],"wp:attachment":[{"href":"https:\/\/www.aidantsproches.brussels\/nl\/wp-json\/wp\/v2\/media?parent=10982"}],"curies":[{"name":"wp","href":"https:\/\/api.w.org\/{rel}","templated":true}]}}