{"id":10981,"date":"2016-11-18T10:38:15","date_gmt":"2016-11-18T09:38:15","guid":{"rendered":"https:\/\/www.aidantsproches.brussels\/soutien-aux-aidants\/sam-le-reseau-des-aidants\/"},"modified":"2022-01-13T09:52:02","modified_gmt":"2022-01-13T08:52:02","slug":"sam-le-reseau-des-aidants","status":"publish","type":"page","link":"https:\/\/www.aidantsproches.brussels\/nl\/soutien-aux-aidants\/sam-le-reseau-des-aidants\/","title":{"rendered":"Sam &#8211; Het Netwerk van Mantelzorgers"},"content":{"rendered":"<p>Dankzij de technologische evolutie, kunnen mensen steeds makkelijker met elkaar in contact komen en informatie uitwisselen. Toch bestond er tot voor kort geen specifieke webtool voor de mantelzorgers, die er vaak alleen voor staan en kampen met tal van uitdagingen.<\/p>\n<p><strong>In 2016, lanceerde de vzw Aidants Proches Bruxelles met de steun van Tele-Hulp een project met de oorspronkelijke benaming: \u2018Mijn Mantelzorger Netwerk Brussel\u2019. Het doel: een webtool ontwikkelen om het leven van de mantelzorger te vergemakkelijken. <\/strong><\/p>\n<p>Een van de voornaamste doelstellingen was preventie. De vzw besefte al snel dat er moest nagedacht worden over een essentieel gegeven: de mantelzorgers moeten zichzelf als dusdanig kunnen erkennen.<\/p>\n<p>Naar het voorbeeld van de BOB-campagne, nam de vzw de identiteit van \u2018SAM\u2019 aan (een acroniem van \u2018Solidarit\u00e9 \u00e0 la Maison\u2019). Het doel was de zelferkenning van potenti\u00eble mantelzorgers bevorderen en de \u2018Ik ben SAM\u2019-reflex oproepen.<\/p>\n<p>De preventiedoelstelling maakt duidelijk dat \u2018alle mantelzorgers SAM zijn en dat niet alle SAM\u2019s noodzakelijk mantelzorgers zijn\u2019. Studies tonen aan dat een persoon die zichzelf \u2018mantelzorger\u2019 noemt, reeds de uitputting nabij is en hogerop geen afdoende steun vond. Het SAM-netwerk wil denkpistes en concrete antwoorden aanreiken voor de moeilijkheden van mantelzorgers. Zo weten zij van meet af aan waar ze terecht kunnen voor ondersteuning.<\/p>\n<p>Daarom gaf de vzw Aidants Proches Bruxelles in 2018 de fakkel door aan de vzw SAM, die specifiek werd opgericht om het project over de pilootfase heen te tillen. Vanaf die dag groeit het Netwerk in Walloni\u00eb.<\/p>\n<p>De link:\u00a0<a href=\"https:\/\/www.reseau-sam.be\/nl\">https:\/\/www.reseau-sam.be\/nl<\/a><\/p>\n<p><a href=\"https:\/\/www.reseau-sam.be\/fr\/\" target=\"_blank\" rel=\"noopener noreferrer\"><img loading=\"lazy\" decoding=\"async\" class=\"aligncenter wp-image-10847 size-full\" src=\"https:\/\/www.aidantsproches.brussels\/wp-content\/uploads\/2019\/10\/sam-ap.png\" alt=\"\" width=\"659\" height=\"209\" srcset=\"https:\/\/www.aidantsproches.brussels\/wp-content\/uploads\/2019\/10\/sam-ap.png 659w, https:\/\/www.aidantsproches.brussels\/wp-content\/uploads\/2019\/10\/sam-ap-250x79.png 250w, https:\/\/www.aidantsproches.brussels\/wp-content\/uploads\/2019\/10\/sam-ap-120x38.png 120w\" sizes=\"auto, (max-width: 659px) 100vw, 659px\" \/><\/a><\/p>\n<p><span style=\"color: #333399;\"><strong>Wat is een SAM?<\/strong><\/span><\/p>\n<p>Net zoals BOB de gekozen chauffeur is die nuchter blijft, is SAM de held die dagelijks zijn naaste ondersteunt. Hij verzekert de <strong>Solidariteit Thuis<\/strong> <strong>(Solidarit\u00e9 \u00c0 la Maison)<\/strong>.<\/p>\n<p><img loading=\"lazy\" decoding=\"async\" class=\"img\" role=\"presentation\" src=\"https:\/\/www.facebook.com\/images\/emoji.php\/v9\/fe5\/1.5\/16\/1f422.png\" alt=\"\" width=\"16\" height=\"16\" \/><span class=\"_7oe\">?&#8230;&#8230;..<\/span><\/p>\n<p>De gemengde en multiculturele naam \u2018SAM\u2019 vertegenwoordigt elke SAM: man of vrouw, jong of minder jong, iedereen kan op een dag in de situatie komen dat een naaste hulp nodig heeft.<\/p>\n<p>De vzw SAM heeft de kleine schildpad SAM als symbool. Het dier staat in alle culturen bekend als symbool van wijsheid en een lange levensduur. Voor de indianen is het zelfs degene die de wereld op zijn schild draagt.<\/p>\n<div style=\"width: 900px;\" class=\"wp-video\"><video class=\"wp-video-shortcode\" id=\"video-10981-1\" width=\"900\" height=\"506\" preload=\"metadata\" controls=\"controls\"><source type=\"video\/mp4\" src=\"https:\/\/www.aidantsproches.brussels\/wp-content\/uploads\/2017\/12\/Aidants-Proches-MASTER5.mp4?_=1\" \/><a href=\"https:\/\/www.aidantsproches.brussels\/wp-content\/uploads\/2017\/12\/Aidants-Proches-MASTER5.mp4\">https:\/\/www.aidantsproches.brussels\/wp-content\/uploads\/2017\/12\/Aidants-Proches-MASTER5.mp4<\/a><\/video><\/div>\n<p><span style=\"color: #333399;\"><strong>&#8216;SAM \u2013 het Netwerk van de Mantelzorgers&#8217;, Wasda?<\/strong><\/span><\/p>\n<p>\u2018SAM \u2013 het Netwerk van de Mantelzorgers\u2019 is h\u00e9t webplatform voor de ondersteuning van de Brusselse mantelzorgers, beschikbaar sinds 25 september 2018. Het werd opgericht in samenwerking met verschillende <a href=\"https:\/\/www.reseau-sam.be\/nl\/onze-partners-onze-ondersteuning\">partnerorganisaties<\/a>.<\/p>\n<p>SAM is er voor en door SAM\u2019s, een veelzijdige tool op maat van hun behoeften aan informatie, contacten en een luisterend oor. Het is gratis toegankelijk voor iedereen.<\/p>\n<p>Het webplatform wil mantelzorgers ondersteunen met makkelijk toegankelijke <strong>informatie<\/strong>, maar ook mogelijke\u00a0<strong>interactie, <\/strong><strong>onderling en met professionals<\/strong> (vooral uit de thuiszorg en -hulp).<\/p>\n<p>Het wil de banden versterken tussen de formele en informele betrokkenen bij de thuishulp aan personen met verminderde zelfredzaamheid, de mantelzorgers met elkaar in contact brengen in praat- en zelfhulpgroepen, en hen documentatie en informatie verstrekken rond het blijven thuiswonen.<\/p>\n<p><strong><span style=\"color: #333399;\">Wat vindt u op het platform ?<\/span><\/strong><\/p>\n<p>Het SAM Netwerk is zowat de Google van de mantelzorger, maar ook een socialmediakanaal waar SAM\u2019s makkelijk en anoniem kunnen communiceren. De website bestaat uit drie delen:<\/p>\n<ul>\n<li><strong>\u2018Nuttige info\u2019<\/strong>met relevante artikels en video\u2019s over de \u2018levensfasen\u2019 van een SAM. Dat kan zijn in de vorm van diepgaande thematische dossiers op basis van externe bronnen die de partnerorganisaties interessant vinden, of van eigen producties.<\/li>\n<li><strong>\u2018Medisch-Sociale Gids\u2019 met inlichtingen over talloze zorgverstrekkers <\/strong>uit de gezondheids- zorg- en thuishulpsector. Ofwel iedereen die u als mantelzorger moet kennen.<\/li>\n<li><strong>\u2018Forum\u2019<\/strong>voor anonieme gesprekken tussen SAM\u2019s en open voor bepaalde professionals om ervaringen te delen, te getuigen of een antwoord te vinden op hun vragen. Inschrijven is gratis maar nodig om het Forum actief te gebruiken en voor een private chat waar men live kan praten met bevriende SAM\u2019s.<\/li>\n<\/ul>\n<p>Kortom, het SAM Netwerk ts tegelijk een tool voor SAM\u2019s om verder te komen als een solidair burgerschapsproject, want iedereen kan vroeg of laat SAM worden.<\/p>\n","protected":false},"excerpt":{"rendered":"Dankzij de technologische evolutie, kunnen mensen steeds makkelijker met elkaar in contact komen en informatie uitwisselen. Toch bestond er tot voor kort geen specifieke webtool voor de mantelzorgers, die er vaak alleen voor staan en kampen met tal van uitdagingen. In 2016, lanceerde de vzw Aidants Proches Bruxelles met de steun van Tele-Hulp een project&#8230; <a class=\"view-article\" href=\"https:\/\/www.aidantsproches.brussels\/nl\/soutien-aux-aidants\/sam-le-reseau-des-aidants\/\">Bekijk Artikel<\/a>","protected":false},"author":1,"featured_media":0,"parent":10978,"menu_order":59,"comment_status":"closed","ping_status":"closed","template":"template-reseau.php","meta":{"_acf_changed":false,"footnotes":""},"class_list":["post-10981","page","type-page","status-publish","hentry"],"acf":[],"yoast_head":"<!-- This site is optimized with the Yoast SEO plugin v27.6 - https:\/\/yoast.com\/product\/yoast-seo-wordpress\/ -->\n<title>Aidants proches Bruxelles - Informe et soutient les Aidants Proches bruxellois<\/title>\n<meta name=\"description\" content=\"Aidants proches Bruxelles est une ASBL qui vise \u00e0 informer et soutenir les Aidants Proches bruxellois. D\u00e9couvrez notre plateforme qui leur est d\u00e9di\u00e9e: SAM - le r\u00e9seau des aidants.\" \/>\n<meta name=\"robots\" content=\"index, follow, max-snippet:-1, max-image-preview:large, max-video-preview:-1\" \/>\n<link rel=\"canonical\" href=\"https:\/\/www.aidantsproches.brussels\/nl\/soutien-aux-aidants\/sam-le-reseau-des-aidants\/\" \/>\n<meta property=\"og:locale\" content=\"nl_NL\" \/>\n<meta property=\"og:type\" content=\"article\" \/>\n<meta property=\"og:title\" content=\"SAM le r\u00e9seau des aidants\" \/>\n<meta property=\"og:description\" content=\"Aidants Proches Bruxelles lance SAM le R\u00e9seau des aidants, une plateforme destin\u00e9e aux aidants proches de Belgique francophone.\" \/>\n<meta property=\"og:url\" content=\"https:\/\/www.aidantsproches.brussels\/nl\/soutien-aux-aidants\/sam-le-reseau-des-aidants\/\" \/>\n<meta property=\"og:site_name\" content=\"Aidants Proches\" \/>\n<meta property=\"article:modified_time\" content=\"2022-01-13T08:52:02+00:00\" \/>\n<meta property=\"og:image\" content=\"https:\/\/www.aidantsproches.brussels\/wp-content\/uploads\/2019\/10\/sam-ap.png\" \/>\n<meta name=\"twitter:card\" content=\"summary_large_image\" \/>\n<meta name=\"twitter:label1\" content=\"Geschatte leestijd\" \/>\n\t<meta name=\"twitter:data1\" content=\"3 minuten\" \/>\n<script type=\"application\/ld+json\" class=\"yoast-schema-graph\">{\"@context\":\"https:\\\/\\\/schema.org\",\"@graph\":[{\"@type\":\"WebPage\",\"@id\":\"https:\\\/\\\/www.aidantsproches.brussels\\\/nl\\\/soutien-aux-aidants\\\/sam-le-reseau-des-aidants\\\/\",\"url\":\"https:\\\/\\\/www.aidantsproches.brussels\\\/nl\\\/soutien-aux-aidants\\\/sam-le-reseau-des-aidants\\\/\",\"name\":\"Aidants proches Bruxelles - Informe et soutient les Aidants Proches bruxellois\",\"isPartOf\":{\"@id\":\"https:\\\/\\\/www.aidantsproches.brussels\\\/nl\\\/#website\"},\"primaryImageOfPage\":{\"@id\":\"https:\\\/\\\/www.aidantsproches.brussels\\\/nl\\\/soutien-aux-aidants\\\/sam-le-reseau-des-aidants\\\/#primaryimage\"},\"image\":{\"@id\":\"https:\\\/\\\/www.aidantsproches.brussels\\\/nl\\\/soutien-aux-aidants\\\/sam-le-reseau-des-aidants\\\/#primaryimage\"},\"thumbnailUrl\":\"https:\\\/\\\/www.aidantsproches.brussels\\\/wp-content\\\/uploads\\\/2019\\\/10\\\/sam-ap.png\",\"datePublished\":\"2016-11-18T09:38:15+00:00\",\"dateModified\":\"2022-01-13T08:52:02+00:00\",\"description\":\"Aidants proches Bruxelles est une ASBL qui vise \u00e0 informer et soutenir les Aidants Proches bruxellois. D\u00e9couvrez notre plateforme qui leur est d\u00e9di\u00e9e: SAM - le r\u00e9seau des aidants.\",\"breadcrumb\":{\"@id\":\"https:\\\/\\\/www.aidantsproches.brussels\\\/nl\\\/soutien-aux-aidants\\\/sam-le-reseau-des-aidants\\\/#breadcrumb\"},\"inLanguage\":\"nl-NL\",\"potentialAction\":[{\"@type\":\"ReadAction\",\"target\":[\"https:\\\/\\\/www.aidantsproches.brussels\\\/nl\\\/soutien-aux-aidants\\\/sam-le-reseau-des-aidants\\\/\"]}]},{\"@type\":\"ImageObject\",\"inLanguage\":\"nl-NL\",\"@id\":\"https:\\\/\\\/www.aidantsproches.brussels\\\/nl\\\/soutien-aux-aidants\\\/sam-le-reseau-des-aidants\\\/#primaryimage\",\"url\":\"https:\\\/\\\/www.aidantsproches.brussels\\\/wp-content\\\/uploads\\\/2019\\\/10\\\/sam-ap.png\",\"contentUrl\":\"https:\\\/\\\/www.aidantsproches.brussels\\\/wp-content\\\/uploads\\\/2019\\\/10\\\/sam-ap.png\"},{\"@type\":\"BreadcrumbList\",\"@id\":\"https:\\\/\\\/www.aidantsproches.brussels\\\/nl\\\/soutien-aux-aidants\\\/sam-le-reseau-des-aidants\\\/#breadcrumb\",\"itemListElement\":[{\"@type\":\"ListItem\",\"position\":1,\"name\":\"Accueil\",\"item\":\"https:\\\/\\\/www.aidantsproches.brussels\\\/nl\\\/accueil\\\/\"},{\"@type\":\"ListItem\",\"position\":2,\"name\":\"Tools voor mantelzorgers\",\"item\":\"https:\\\/\\\/www.aidantsproches.brussels\\\/nl\\\/soutien-aux-aidants\\\/\"},{\"@type\":\"ListItem\",\"position\":3,\"name\":\"Sam &#8211; Het Netwerk van Mantelzorgers\"}]},{\"@type\":\"WebSite\",\"@id\":\"https:\\\/\\\/www.aidantsproches.brussels\\\/nl\\\/#website\",\"url\":\"https:\\\/\\\/www.aidantsproches.brussels\\\/nl\\\/\",\"name\":\"Aidants Proches\",\"description\":\"\",\"potentialAction\":[{\"@type\":\"SearchAction\",\"target\":{\"@type\":\"EntryPoint\",\"urlTemplate\":\"https:\\\/\\\/www.aidantsproches.brussels\\\/nl\\\/?s={search_term_string}\"},\"query-input\":{\"@type\":\"PropertyValueSpecification\",\"valueRequired\":true,\"valueName\":\"search_term_string\"}}],\"inLanguage\":\"nl-NL\"}]}<\/script>\n<!-- \/ Yoast SEO plugin. -->","yoast_head_json":{"title":"Aidants proches Bruxelles - Informe et soutient les Aidants Proches bruxellois","description":"Aidants proches Bruxelles est une ASBL qui vise \u00e0 informer et soutenir les Aidants Proches bruxellois. D\u00e9couvrez notre plateforme qui leur est d\u00e9di\u00e9e: SAM - le r\u00e9seau des aidants.","robots":{"index":"index","follow":"follow","max-snippet":"max-snippet:-1","max-image-preview":"max-image-preview:large","max-video-preview":"max-video-preview:-1"},"canonical":"https:\/\/www.aidantsproches.brussels\/nl\/soutien-aux-aidants\/sam-le-reseau-des-aidants\/","og_locale":"nl_NL","og_type":"article","og_title":"SAM le r\u00e9seau des aidants","og_description":"Aidants Proches Bruxelles lance SAM le R\u00e9seau des aidants, une plateforme destin\u00e9e aux aidants proches de Belgique francophone.","og_url":"https:\/\/www.aidantsproches.brussels\/nl\/soutien-aux-aidants\/sam-le-reseau-des-aidants\/","og_site_name":"Aidants Proches","article_modified_time":"2022-01-13T08:52:02+00:00","og_image":[{"url":"https:\/\/www.aidantsproches.brussels\/wp-content\/uploads\/2019\/10\/sam-ap.png","type":"","width":"","height":""}],"twitter_card":"summary_large_image","twitter_misc":{"Geschatte leestijd":"3 minuten"},"schema":{"@context":"https:\/\/schema.org","@graph":[{"@type":"WebPage","@id":"https:\/\/www.aidantsproches.brussels\/nl\/soutien-aux-aidants\/sam-le-reseau-des-aidants\/","url":"https:\/\/www.aidantsproches.brussels\/nl\/soutien-aux-aidants\/sam-le-reseau-des-aidants\/","name":"Aidants proches Bruxelles - Informe et soutient les Aidants Proches bruxellois","isPartOf":{"@id":"https:\/\/www.aidantsproches.brussels\/nl\/#website"},"primaryImageOfPage":{"@id":"https:\/\/www.aidantsproches.brussels\/nl\/soutien-aux-aidants\/sam-le-reseau-des-aidants\/#primaryimage"},"image":{"@id":"https:\/\/www.aidantsproches.brussels\/nl\/soutien-aux-aidants\/sam-le-reseau-des-aidants\/#primaryimage"},"thumbnailUrl":"https:\/\/www.aidantsproches.brussels\/wp-content\/uploads\/2019\/10\/sam-ap.png","datePublished":"2016-11-18T09:38:15+00:00","dateModified":"2022-01-13T08:52:02+00:00","description":"Aidants proches Bruxelles est une ASBL qui vise \u00e0 informer et soutenir les Aidants Proches bruxellois. D\u00e9couvrez notre plateforme qui leur est d\u00e9di\u00e9e: SAM - le r\u00e9seau des aidants.","breadcrumb":{"@id":"https:\/\/www.aidantsproches.brussels\/nl\/soutien-aux-aidants\/sam-le-reseau-des-aidants\/#breadcrumb"},"inLanguage":"nl-NL","potentialAction":[{"@type":"ReadAction","target":["https:\/\/www.aidantsproches.brussels\/nl\/soutien-aux-aidants\/sam-le-reseau-des-aidants\/"]}]},{"@type":"ImageObject","inLanguage":"nl-NL","@id":"https:\/\/www.aidantsproches.brussels\/nl\/soutien-aux-aidants\/sam-le-reseau-des-aidants\/#primaryimage","url":"https:\/\/www.aidantsproches.brussels\/wp-content\/uploads\/2019\/10\/sam-ap.png","contentUrl":"https:\/\/www.aidantsproches.brussels\/wp-content\/uploads\/2019\/10\/sam-ap.png"},{"@type":"BreadcrumbList","@id":"https:\/\/www.aidantsproches.brussels\/nl\/soutien-aux-aidants\/sam-le-reseau-des-aidants\/#breadcrumb","itemListElement":[{"@type":"ListItem","position":1,"name":"Accueil","item":"https:\/\/www.aidantsproches.brussels\/nl\/accueil\/"},{"@type":"ListItem","position":2,"name":"Tools voor mantelzorgers","item":"https:\/\/www.aidantsproches.brussels\/nl\/soutien-aux-aidants\/"},{"@type":"ListItem","position":3,"name":"Sam &#8211; Het Netwerk van Mantelzorgers"}]},{"@type":"WebSite","@id":"https:\/\/www.aidantsproches.brussels\/nl\/#website","url":"https:\/\/www.aidantsproches.brussels\/nl\/","name":"Aidants Proches","description":"","potentialAction":[{"@type":"SearchAction","target":{"@type":"EntryPoint","urlTemplate":"https:\/\/www.aidantsproches.brussels\/nl\/?s={search_term_string}"},"query-input":{"@type":"PropertyValueSpecification","valueRequired":true,"valueName":"search_term_string"}}],"inLanguage":"nl-NL"}]}},"_links":{"self":[{"href":"https:\/\/www.aidantsproches.brussels\/nl\/wp-json\/wp\/v2\/pages\/10981","targetHints":{"allow":["GET"]}}],"collection":[{"href":"https:\/\/www.aidantsproches.brussels\/nl\/wp-json\/wp\/v2\/pages"}],"about":[{"href":"https:\/\/www.aidantsproches.brussels\/nl\/wp-json\/wp\/v2\/types\/page"}],"author":[{"embeddable":true,"href":"https:\/\/www.aidantsproches.brussels\/nl\/wp-json\/wp\/v2\/users\/1"}],"replies":[{"embeddable":true,"href":"https:\/\/www.aidantsproches.brussels\/nl\/wp-json\/wp\/v2\/comments?post=10981"}],"version-history":[{"count":2,"href":"https:\/\/www.aidantsproches.brussels\/nl\/wp-json\/wp\/v2\/pages\/10981\/revisions"}],"predecessor-version":[{"id":11031,"href":"https:\/\/www.aidantsproches.brussels\/nl\/wp-json\/wp\/v2\/pages\/10981\/revisions\/11031"}],"up":[{"embeddable":true,"href":"https:\/\/www.aidantsproches.brussels\/nl\/wp-json\/wp\/v2\/pages\/10978"}],"wp:attachment":[{"href":"https:\/\/www.aidantsproches.brussels\/nl\/wp-json\/wp\/v2\/media?parent=10981"}],"curies":[{"name":"wp","href":"https:\/\/api.w.org\/{rel}","templated":true}]}}