{"id":10980,"date":"2016-11-18T10:42:58","date_gmt":"2016-11-18T09:42:58","guid":{"rendered":"https:\/\/www.aidantsproches.brussels\/soutien-aux-aidants\/la-carte-durgence\/"},"modified":"2016-11-18T10:42:58","modified_gmt":"2016-11-18T09:42:58","slug":"la-carte-durgence","status":"publish","type":"page","link":"https:\/\/www.aidantsproches.brussels\/nl\/soutien-aux-aidants\/la-carte-durgence\/","title":{"rendered":"La Carte d\u2019urgence"},"content":{"rendered":"<h2>Pr\u00e9voyez d\u00e8s maintenant votre carte d\u2019urgence et celle de votre proche\u2026<\/h2>\n<p>L\u2019asbl Aidants Proches Bruxelles, en collaboration avec l\u2019asbl Aidants Proches Wallonie et la fondation CERA, met \u00e0 disposition des aidants proches ainsi que des personnes aid\u00e9es, des petites cartes (format d\u2019une carte d\u2019identit\u00e9 \u2013 facilement rangeable dans votre portefeuille) qui regrouperont plusieurs informations.<\/p>\n<p>La carte d\u2019urgence, qu\u2019est-ce que c\u2019est\u00a0?<\/p>\n<p>Pour \u00ab<strong>\u00a0l\u2019aidant proche\u00a0<\/strong>\u00bb, il s\u2019agit d\u2019une carte qui, en cas de malaise, chute, hospitalisation ou autre, permettra d\u2019\u00eatre identifi\u00e9 comme \u00e9tant une personne qui s\u2019occupe r\u00e9guli\u00e8rement d\u2019un proche en perte d\u2019autonomie. Le <strong>but<\/strong> est qu\u2019en cas d\u2019incapacit\u00e9, <strong>les services d\u2019intervention puissent contacter une autre personne qui pourra s\u2019occuper de votre proche \u00e0 votre place<\/strong>. \u00c0 cette fin, cette carte reprendra\u00a0:<\/p>\n<ul>\n<li>Les coordonn\u00e9es de la ou des personnes de confiance qui pourront prendre le relais<\/li>\n<li>Le nom de la personne ayant besoin d\u2019aide<\/li>\n<\/ul>\n<p>Pour la \u00ab\u00a0<strong>personne aid\u00e9e<\/strong>\u00a0\u00bb, il s\u2019agit d\u2019une carte qui, en cas de malaise, hospitalisation ou autre, permettra de vous identifier comme \u00e9tant une personne ayant besoin d\u2019aide r\u00e9guli\u00e8rement. Le <strong>but<\/strong> est que <strong>les services d\u2019intervention puissent alors contacter votre\/vos aidant(s) proche(s)<\/strong>. \u00c0 cette fin, cette carte reprendra\u00a0:<\/p>\n<ul>\n<li>Le nom de la personne aid\u00e9e<\/li>\n<li>Les coordonn\u00e9es des aidants proches \u00e0 pr\u00e9venir en cas d\u2019urgence.<\/li>\n<\/ul>\n<p>Comment vous procurer vos cartes\u00a0? Plusieurs possibilit\u00e9s\u00a0:<\/p>\n<ul>\n<li>En compl\u00e9tant le formulaire ci-dessous<\/li>\n<li>En nous contactant au 02.474.02.55 (les mardis et jeudis de 9h \u00e0 11h)<\/li>\n<li>En demandant un formulaire papier \u00e0 compl\u00e9ter et \u00e0 renvoyer par courrier \u00e0 l\u2019asbl Aidants Proches Wallonie, responsable de la confection des cartes\u00a0: Route de Louvain-La-Neuve, 4 bte 2 \u00e0 5001 Belgrade.<\/li>\n<\/ul>\n<p>En cas de perte, changement de situation ou autre, vous pouvez remplir \u00e0 nouveau le formulaire et une nouvelle carte vous sera envoy\u00e9e.<\/p>\n<p>Si vous \u00eates une institution ou un service et que vous souhaitez recevoir des cartes d\u2019urgence en quantit\u00e9, vous pouvez nous contacter par mail (<strong><a href=\"mailto:info@aidantsproches.brussels\">info@aidantsproches.brussels<\/a><\/strong>) ou par t\u00e9l\u00e9phone (<strong>02.474.02.55<\/strong>).<\/p>\n<p>Plus d&#8217;infos sur la carte d&#8217;urgence ? Lisez la brochure r\u00e9dig\u00e9e par l&#8217;ASBL Aidants Proches : <a href=\"https:\/\/www.aidantsproches.brussels\/wp-content\/uploads\/2021\/02\/Depliant-Carte-dUrgence.pdf\">D\u00e9pliant Carte d&#8217;Urgence<\/a><\/p>\n<p><img loading=\"lazy\" decoding=\"async\" class=\"alignnone wp-image-8168\" src=\"https:\/\/www.aidantsproches.brussels\/wp-content\/uploads\/2021\/05\/CU.png\" alt=\"\" width=\"214\" height=\"290\" \/><\/p>\n<p>\u00c0 l&#8217;origine, la projet des cartes d&#8217;urgence, est un projet con\u00e7u et mis en place par l&#8217;ASBL Aidants Proches. Depuis, un partenariat a \u00e9t\u00e9 \u00e9tabli entre l&#8217;ASBL Aidants Proches et l&#8217;ASBL Aidants Proches Bruxelles pour que les aidants proches bruxellois puissent \u00e9galement b\u00e9n\u00e9ficier de cet outil.<\/p>\n<p>&nbsp;<\/p>\n<p style=\"text-align: center;\"><a href=\"https:\/\/www.aidantsproches.brussels\/wp-content\/uploads\/2018\/03\/Carte-durgence-Specimen.png\" target=\"_blank\" rel=\"noopener noreferrer\"><img loading=\"lazy\" decoding=\"async\" class=\"wp-image-1418 aligncenter\" src=\"https:\/\/www.aidantsproches.brussels\/wp-content\/uploads\/2018\/03\/Carte-durgence-Specimen-250x141.png\" alt=\"\" width=\"413\" height=\"233\" srcset=\"https:\/\/www.aidantsproches.brussels\/wp-content\/uploads\/2018\/03\/Carte-durgence-Specimen-250x141.png 250w, https:\/\/www.aidantsproches.brussels\/wp-content\/uploads\/2018\/03\/Carte-durgence-Specimen-768x432.png 768w, https:\/\/www.aidantsproches.brussels\/wp-content\/uploads\/2018\/03\/Carte-durgence-Specimen-700x394.png 700w, https:\/\/www.aidantsproches.brussels\/wp-content\/uploads\/2018\/03\/Carte-durgence-Specimen-120x67.png 120w, https:\/\/www.aidantsproches.brussels\/wp-content\/uploads\/2018\/03\/Carte-durgence-Specimen.png 1275w\" sizes=\"auto, (max-width: 413px) 100vw, 413px\" \/><\/a><\/p>\n<p style=\"text-align: center;\"><span style=\"color: #808080;\">(Cliquez sur l&#8217;image pour l&#8217;agrandir)<\/span><\/p>\n<p>&nbsp;<\/p>\n<h2 style=\"text-align: left;\">\u00a0Demandez votre carte d&#8217;urgence<\/h2>\n<p>&nbsp;<\/p>\n<div>\n<div class=\"brlbs-cmpnt-container brlbs-cmpnt-content-blocker brlbs-cmpnt-with-individual-styles\" data-borlabs-cookie-content-blocker-id=\"default\" data-borlabs-cookie-content=\"PGlmcmFtZSBjbGFzcz0iY2FydGUtZm9ybSIgc3JjPSJodHRwczovL2NhcnRlLXVyZ2VuY2UuYWlkYW50cy1wcm9jaGVzLmJlL0ZpbGxGb3JtLmh0bWwiIGhlaWdodD0iMzAwMCI+Jm5ic3A7DQoNCjwvaWZyYW1lPg==\">\n<div class=\"brlbs-cmpnt-cb-preset-a\">\n<p class=\"brlbs-cmpnt-cb-description\">U bekijkt momenteel inhoud van een plaatshouder van <strong>Standaard<\/strong>. Klik op de knop hieronder om de volledige inhoud te bekijken. Houd er rekening mee dat u op deze manier gegevens deelt met providers van derden.<\/p>\n<div class=\"brlbs-cmpnt-cb-buttons\"> <a class=\"brlbs-cmpnt-cb-btn\" href=\"#\" data-borlabs-cookie-unblock role=\"button\">Inhoud deblokkeren<\/a> <a class=\"brlbs-cmpnt-cb-btn\" href=\"#\" data-borlabs-cookie-accept-service role=\"button\" style=\"display: none\">Vereiste service accepteren en inhouden deblokkeren<\/a> <\/div>\n<p> <a class=\"brlbs-cmpnt-cb-provider-toggle\" href=\"#\" data-borlabs-cookie-show-provider-information role=\"button\">Meer informatie<\/a> <\/div>\n<\/div>\n<\/div>\n","protected":false},"excerpt":{"rendered":"Pr\u00e9voyez d\u00e8s maintenant votre carte d\u2019urgence et celle de votre proche\u2026 L\u2019asbl Aidants Proches Bruxelles, en collaboration avec l\u2019asbl Aidants Proches Wallonie et la fondation CERA, met \u00e0 disposition des aidants proches ainsi que des personnes aid\u00e9es, des petites cartes (format d\u2019une carte d\u2019identit\u00e9 \u2013 facilement rangeable dans votre portefeuille) qui regrouperont plusieurs informations. La&#8230; <a class=\"view-article\" href=\"https:\/\/www.aidantsproches.brussels\/nl\/soutien-aux-aidants\/la-carte-durgence\/\">Bekijk Artikel<\/a>","protected":false},"author":1,"featured_media":10903,"parent":10978,"menu_order":57,"comment_status":"closed","ping_status":"closed","template":"","meta":{"_acf_changed":false,"footnotes":""},"class_list":["post-10980","page","type-page","status-publish","has-post-thumbnail","hentry"],"acf":[],"yoast_head":"<!-- This site is optimized with the Yoast SEO plugin v27.6 - https:\/\/yoast.com\/product\/yoast-seo-wordpress\/ -->\n<title>Aidants proches Bruxelles - Informe et soutient les Aidants Proches bruxellois<\/title>\n<meta name=\"description\" content=\"Aidants proches Bruxelles est une ASBL qui a pour missions et objectifs d&#039;informer et soutenir les Aidants Proches bruxellois afin de aire \u00e9voluer les mentalit\u00e9s par rapport \u00e0 la probl\u00e9matique des Aidants Proches\" \/>\n<meta name=\"robots\" content=\"index, follow, max-snippet:-1, max-image-preview:large, max-video-preview:-1\" \/>\n<link rel=\"canonical\" href=\"https:\/\/www.aidantsproches.brussels\/nl\/soutien-aux-aidants\/la-carte-durgence\/\" \/>\n<meta property=\"og:locale\" content=\"nl_NL\" \/>\n<meta property=\"og:type\" content=\"article\" \/>\n<meta property=\"og:title\" content=\"Aidants proches Bruxelles - Informe et soutient les Aidants Proches bruxellois\" \/>\n<meta property=\"og:description\" content=\"Aidants proches Bruxelles est une ASBL qui a pour missions et objectifs d&#039;informer et soutenir les Aidants Proches bruxellois afin de aire \u00e9voluer les mentalit\u00e9s par rapport \u00e0 la probl\u00e9matique des Aidants Proches\" \/>\n<meta property=\"og:url\" content=\"https:\/\/www.aidantsproches.brussels\/nl\/soutien-aux-aidants\/la-carte-durgence\/\" \/>\n<meta property=\"og:site_name\" content=\"Aidants Proches\" \/>\n<meta property=\"og:image\" content=\"https:\/\/www.aidantsproches.brussels\/wp-content\/uploads\/2021\/02\/CU.png\" \/>\n\t<meta property=\"og:image:width\" content=\"633\" \/>\n\t<meta property=\"og:image:height\" content=\"418\" \/>\n\t<meta property=\"og:image:type\" content=\"image\/png\" \/>\n<meta name=\"twitter:card\" content=\"summary_large_image\" \/>\n<meta name=\"twitter:label1\" content=\"Geschatte leestijd\" \/>\n\t<meta name=\"twitter:data1\" content=\"2 minuten\" \/>\n<script type=\"application\/ld+json\" class=\"yoast-schema-graph\">{\"@context\":\"https:\\\/\\\/schema.org\",\"@graph\":[{\"@type\":\"WebPage\",\"@id\":\"https:\\\/\\\/www.aidantsproches.brussels\\\/nl\\\/soutien-aux-aidants\\\/la-carte-durgence\\\/\",\"url\":\"https:\\\/\\\/www.aidantsproches.brussels\\\/nl\\\/soutien-aux-aidants\\\/la-carte-durgence\\\/\",\"name\":\"Aidants proches Bruxelles - Informe et soutient les Aidants Proches bruxellois\",\"isPartOf\":{\"@id\":\"https:\\\/\\\/www.aidantsproches.brussels\\\/nl\\\/#website\"},\"primaryImageOfPage\":{\"@id\":\"https:\\\/\\\/www.aidantsproches.brussels\\\/nl\\\/soutien-aux-aidants\\\/la-carte-durgence\\\/#primaryimage\"},\"image\":{\"@id\":\"https:\\\/\\\/www.aidantsproches.brussels\\\/nl\\\/soutien-aux-aidants\\\/la-carte-durgence\\\/#primaryimage\"},\"thumbnailUrl\":\"https:\\\/\\\/www.aidantsproches.brussels\\\/wp-content\\\/uploads\\\/2021\\\/02\\\/CU.png\",\"datePublished\":\"2016-11-18T09:42:58+00:00\",\"description\":\"Aidants proches Bruxelles est une ASBL qui a pour missions et objectifs d'informer et soutenir les Aidants Proches bruxellois afin de aire \u00e9voluer les mentalit\u00e9s par rapport \u00e0 la probl\u00e9matique des Aidants Proches\",\"breadcrumb\":{\"@id\":\"https:\\\/\\\/www.aidantsproches.brussels\\\/nl\\\/soutien-aux-aidants\\\/la-carte-durgence\\\/#breadcrumb\"},\"inLanguage\":\"nl-NL\",\"potentialAction\":[{\"@type\":\"ReadAction\",\"target\":[\"https:\\\/\\\/www.aidantsproches.brussels\\\/nl\\\/soutien-aux-aidants\\\/la-carte-durgence\\\/\"]}]},{\"@type\":\"ImageObject\",\"inLanguage\":\"nl-NL\",\"@id\":\"https:\\\/\\\/www.aidantsproches.brussels\\\/nl\\\/soutien-aux-aidants\\\/la-carte-durgence\\\/#primaryimage\",\"url\":\"https:\\\/\\\/www.aidantsproches.brussels\\\/wp-content\\\/uploads\\\/2021\\\/02\\\/CU.png\",\"contentUrl\":\"https:\\\/\\\/www.aidantsproches.brussels\\\/wp-content\\\/uploads\\\/2021\\\/02\\\/CU.png\",\"width\":633,\"height\":418},{\"@type\":\"BreadcrumbList\",\"@id\":\"https:\\\/\\\/www.aidantsproches.brussels\\\/nl\\\/soutien-aux-aidants\\\/la-carte-durgence\\\/#breadcrumb\",\"itemListElement\":[{\"@type\":\"ListItem\",\"position\":1,\"name\":\"Accueil\",\"item\":\"https:\\\/\\\/www.aidantsproches.brussels\\\/nl\\\/accueil\\\/\"},{\"@type\":\"ListItem\",\"position\":2,\"name\":\"Tools voor mantelzorgers\",\"item\":\"https:\\\/\\\/www.aidantsproches.brussels\\\/nl\\\/soutien-aux-aidants\\\/\"},{\"@type\":\"ListItem\",\"position\":3,\"name\":\"La Carte d\u2019urgence\"}]},{\"@type\":\"WebSite\",\"@id\":\"https:\\\/\\\/www.aidantsproches.brussels\\\/nl\\\/#website\",\"url\":\"https:\\\/\\\/www.aidantsproches.brussels\\\/nl\\\/\",\"name\":\"Aidants Proches\",\"description\":\"\",\"potentialAction\":[{\"@type\":\"SearchAction\",\"target\":{\"@type\":\"EntryPoint\",\"urlTemplate\":\"https:\\\/\\\/www.aidantsproches.brussels\\\/nl\\\/?s={search_term_string}\"},\"query-input\":{\"@type\":\"PropertyValueSpecification\",\"valueRequired\":true,\"valueName\":\"search_term_string\"}}],\"inLanguage\":\"nl-NL\"}]}<\/script>\n<!-- \/ Yoast SEO plugin. -->","yoast_head_json":{"title":"Aidants proches Bruxelles - Informe et soutient les Aidants Proches bruxellois","description":"Aidants proches Bruxelles est une ASBL qui a pour missions et objectifs d'informer et soutenir les Aidants Proches bruxellois afin de aire \u00e9voluer les mentalit\u00e9s par rapport \u00e0 la probl\u00e9matique des Aidants Proches","robots":{"index":"index","follow":"follow","max-snippet":"max-snippet:-1","max-image-preview":"max-image-preview:large","max-video-preview":"max-video-preview:-1"},"canonical":"https:\/\/www.aidantsproches.brussels\/nl\/soutien-aux-aidants\/la-carte-durgence\/","og_locale":"nl_NL","og_type":"article","og_title":"Aidants proches Bruxelles - Informe et soutient les Aidants Proches bruxellois","og_description":"Aidants proches Bruxelles est une ASBL qui a pour missions et objectifs d'informer et soutenir les Aidants Proches bruxellois afin de aire \u00e9voluer les mentalit\u00e9s par rapport \u00e0 la probl\u00e9matique des Aidants Proches","og_url":"https:\/\/www.aidantsproches.brussels\/nl\/soutien-aux-aidants\/la-carte-durgence\/","og_site_name":"Aidants Proches","og_image":[{"width":633,"height":418,"url":"https:\/\/www.aidantsproches.brussels\/wp-content\/uploads\/2021\/02\/CU.png","type":"image\/png"}],"twitter_card":"summary_large_image","twitter_misc":{"Geschatte leestijd":"2 minuten"},"schema":{"@context":"https:\/\/schema.org","@graph":[{"@type":"WebPage","@id":"https:\/\/www.aidantsproches.brussels\/nl\/soutien-aux-aidants\/la-carte-durgence\/","url":"https:\/\/www.aidantsproches.brussels\/nl\/soutien-aux-aidants\/la-carte-durgence\/","name":"Aidants proches Bruxelles - Informe et soutient les Aidants Proches bruxellois","isPartOf":{"@id":"https:\/\/www.aidantsproches.brussels\/nl\/#website"},"primaryImageOfPage":{"@id":"https:\/\/www.aidantsproches.brussels\/nl\/soutien-aux-aidants\/la-carte-durgence\/#primaryimage"},"image":{"@id":"https:\/\/www.aidantsproches.brussels\/nl\/soutien-aux-aidants\/la-carte-durgence\/#primaryimage"},"thumbnailUrl":"https:\/\/www.aidantsproches.brussels\/wp-content\/uploads\/2021\/02\/CU.png","datePublished":"2016-11-18T09:42:58+00:00","description":"Aidants proches Bruxelles est une ASBL qui a pour missions et objectifs d'informer et soutenir les Aidants Proches bruxellois afin de aire \u00e9voluer les mentalit\u00e9s par rapport \u00e0 la probl\u00e9matique des Aidants Proches","breadcrumb":{"@id":"https:\/\/www.aidantsproches.brussels\/nl\/soutien-aux-aidants\/la-carte-durgence\/#breadcrumb"},"inLanguage":"nl-NL","potentialAction":[{"@type":"ReadAction","target":["https:\/\/www.aidantsproches.brussels\/nl\/soutien-aux-aidants\/la-carte-durgence\/"]}]},{"@type":"ImageObject","inLanguage":"nl-NL","@id":"https:\/\/www.aidantsproches.brussels\/nl\/soutien-aux-aidants\/la-carte-durgence\/#primaryimage","url":"https:\/\/www.aidantsproches.brussels\/wp-content\/uploads\/2021\/02\/CU.png","contentUrl":"https:\/\/www.aidantsproches.brussels\/wp-content\/uploads\/2021\/02\/CU.png","width":633,"height":418},{"@type":"BreadcrumbList","@id":"https:\/\/www.aidantsproches.brussels\/nl\/soutien-aux-aidants\/la-carte-durgence\/#breadcrumb","itemListElement":[{"@type":"ListItem","position":1,"name":"Accueil","item":"https:\/\/www.aidantsproches.brussels\/nl\/accueil\/"},{"@type":"ListItem","position":2,"name":"Tools voor mantelzorgers","item":"https:\/\/www.aidantsproches.brussels\/nl\/soutien-aux-aidants\/"},{"@type":"ListItem","position":3,"name":"La Carte d\u2019urgence"}]},{"@type":"WebSite","@id":"https:\/\/www.aidantsproches.brussels\/nl\/#website","url":"https:\/\/www.aidantsproches.brussels\/nl\/","name":"Aidants Proches","description":"","potentialAction":[{"@type":"SearchAction","target":{"@type":"EntryPoint","urlTemplate":"https:\/\/www.aidantsproches.brussels\/nl\/?s={search_term_string}"},"query-input":{"@type":"PropertyValueSpecification","valueRequired":true,"valueName":"search_term_string"}}],"inLanguage":"nl-NL"}]}},"_links":{"self":[{"href":"https:\/\/www.aidantsproches.brussels\/nl\/wp-json\/wp\/v2\/pages\/10980","targetHints":{"allow":["GET"]}}],"collection":[{"href":"https:\/\/www.aidantsproches.brussels\/nl\/wp-json\/wp\/v2\/pages"}],"about":[{"href":"https:\/\/www.aidantsproches.brussels\/nl\/wp-json\/wp\/v2\/types\/page"}],"author":[{"embeddable":true,"href":"https:\/\/www.aidantsproches.brussels\/nl\/wp-json\/wp\/v2\/users\/1"}],"replies":[{"embeddable":true,"href":"https:\/\/www.aidantsproches.brussels\/nl\/wp-json\/wp\/v2\/comments?post=10980"}],"version-history":[{"count":0,"href":"https:\/\/www.aidantsproches.brussels\/nl\/wp-json\/wp\/v2\/pages\/10980\/revisions"}],"up":[{"embeddable":true,"href":"https:\/\/www.aidantsproches.brussels\/nl\/wp-json\/wp\/v2\/pages\/10978"}],"wp:featuredmedia":[{"embeddable":true,"href":"https:\/\/www.aidantsproches.brussels\/nl\/wp-json\/wp\/v2\/media\/10903"}],"wp:attachment":[{"href":"https:\/\/www.aidantsproches.brussels\/nl\/wp-json\/wp\/v2\/media?parent=10980"}],"curies":[{"name":"wp","href":"https:\/\/api.w.org\/{rel}","templated":true}]}}