{"id":10977,"date":"2016-11-18T10:38:30","date_gmt":"2016-11-18T09:38:30","guid":{"rendered":"https:\/\/www.aidantsproches.brussels\/actualite\/rencontres-autonomie-et-maintien-a-domicile\/"},"modified":"2016-11-18T10:38:30","modified_gmt":"2016-11-18T09:38:30","slug":"rencontres-autonomie-et-maintien-a-domicile","status":"publish","type":"page","link":"https:\/\/www.aidantsproches.brussels\/nl\/actualite\/rencontres-autonomie-et-maintien-a-domicile\/","title":{"rendered":"Rencontres &#8211; \u00c9v\u00e8nements"},"content":{"rendered":"<p>L\u2019ASBL Aidants Proches Bruxelles souhaite d\u00e9velopper des actions de rencontres, de forum et divers \u00e9v\u00e9nements en collaboration avec les diff\u00e9rents professionnels de l&#8217;aide et du soin. Cela s&#8217;inscrit notamment dans le cadre du projet <a href=\"https:\/\/www.bruxellesregionaidante.be\/\">\u00ab Bruxelles R\u00e9gion Aidante \u00bb<\/a> afin de permettre une meilleure visibilit\u00e9 des structures bruxelloises existantes pouvant apporter du soutien aux aidants proches.<\/p>\n<p>Cet onglet vous permettra donc d&#8217;obtenir des informations sur les \u00e9v\u00e9nements et rencontres organis\u00e9s.<\/p>\n","protected":false},"excerpt":{"rendered":"L\u2019ASBL Aidants Proches Bruxelles souhaite d\u00e9velopper des actions de rencontres, de forum et divers \u00e9v\u00e9nements en collaboration avec les diff\u00e9rents professionnels de l&#8217;aide et du soin. Cela s&#8217;inscrit notamment dans le cadre du projet \u00ab Bruxelles R\u00e9gion Aidante \u00bb afin de permettre une meilleure visibilit\u00e9 des structures bruxelloises existantes pouvant apporter du soutien aux aidants&#8230; <a class=\"view-article\" href=\"https:\/\/www.aidantsproches.brussels\/nl\/actualite\/rencontres-autonomie-et-maintien-a-domicile\/\">Bekijk Artikel<\/a>","protected":false},"author":1,"featured_media":0,"parent":10971,"menu_order":54,"comment_status":"closed","ping_status":"closed","template":"template-rencontres.php","meta":{"_acf_changed":false,"footnotes":""},"class_list":["post-10977","page","type-page","status-publish","hentry"],"acf":[],"yoast_head":"<!-- This site is optimized with the Yoast SEO plugin v27.5 - https:\/\/yoast.com\/product\/yoast-seo-wordpress\/ -->\n<title>Aidants proches Bruxelles - Informe et soutient les Aidants Proches bruxellois<\/title>\n<meta name=\"description\" content=\"Aidants proches Bruxelles est une ASBL qui a pour missions et objectifs d&#039;informer et soutenir les Aidants Proches bruxellois afin de aire \u00e9voluer les mentalit\u00e9s par rapport \u00e0 la probl\u00e9matique des Aidants Proches.\" \/>\n<meta name=\"robots\" content=\"index, follow, max-snippet:-1, max-image-preview:large, max-video-preview:-1\" \/>\n<link rel=\"canonical\" href=\"https:\/\/www.aidantsproches.brussels\/nl\/actualite\/rencontres-autonomie-et-maintien-a-domicile\/\" \/>\n<meta property=\"og:locale\" content=\"nl_NL\" \/>\n<meta property=\"og:type\" content=\"article\" \/>\n<meta property=\"og:title\" content=\"Aidants proches Bruxelles - Informe et soutient les Aidants Proches bruxellois\" \/>\n<meta property=\"og:description\" content=\"Aidants proches Bruxelles est une ASBL qui a pour missions et objectifs d&#039;informer et soutenir les Aidants Proches bruxellois afin de aire \u00e9voluer les mentalit\u00e9s par rapport \u00e0 la probl\u00e9matique des Aidants Proches.\" \/>\n<meta property=\"og:url\" content=\"https:\/\/www.aidantsproches.brussels\/nl\/actualite\/rencontres-autonomie-et-maintien-a-domicile\/\" \/>\n<meta property=\"og:site_name\" content=\"Aidants Proches\" \/>\n<meta name=\"twitter:card\" content=\"summary_large_image\" \/>\n<script type=\"application\/ld+json\" class=\"yoast-schema-graph\">{\"@context\":\"https:\\\/\\\/schema.org\",\"@graph\":[{\"@type\":\"WebPage\",\"@id\":\"https:\\\/\\\/www.aidantsproches.brussels\\\/nl\\\/actualite\\\/rencontres-autonomie-et-maintien-a-domicile\\\/\",\"url\":\"https:\\\/\\\/www.aidantsproches.brussels\\\/nl\\\/actualite\\\/rencontres-autonomie-et-maintien-a-domicile\\\/\",\"name\":\"Aidants proches Bruxelles - Informe et soutient les Aidants Proches bruxellois\",\"isPartOf\":{\"@id\":\"https:\\\/\\\/www.aidantsproches.brussels\\\/nl\\\/#website\"},\"datePublished\":\"2016-11-18T09:38:30+00:00\",\"description\":\"Aidants proches Bruxelles est une ASBL qui a pour missions et objectifs d'informer et soutenir les Aidants Proches bruxellois afin de aire \u00e9voluer les mentalit\u00e9s par rapport \u00e0 la probl\u00e9matique des Aidants Proches.\",\"breadcrumb\":{\"@id\":\"https:\\\/\\\/www.aidantsproches.brussels\\\/nl\\\/actualite\\\/rencontres-autonomie-et-maintien-a-domicile\\\/#breadcrumb\"},\"inLanguage\":\"nl-NL\",\"potentialAction\":[{\"@type\":\"ReadAction\",\"target\":[\"https:\\\/\\\/www.aidantsproches.brussels\\\/nl\\\/actualite\\\/rencontres-autonomie-et-maintien-a-domicile\\\/\"]}]},{\"@type\":\"BreadcrumbList\",\"@id\":\"https:\\\/\\\/www.aidantsproches.brussels\\\/nl\\\/actualite\\\/rencontres-autonomie-et-maintien-a-domicile\\\/#breadcrumb\",\"itemListElement\":[{\"@type\":\"ListItem\",\"position\":1,\"name\":\"Accueil\",\"item\":\"https:\\\/\\\/www.aidantsproches.brussels\\\/nl\\\/accueil\\\/\"},{\"@type\":\"ListItem\",\"position\":2,\"name\":\"Actualit\u00e9s\",\"item\":\"https:\\\/\\\/www.aidantsproches.brussels\\\/nl\\\/actualite\\\/\"},{\"@type\":\"ListItem\",\"position\":3,\"name\":\"Rencontres &#8211; \u00c9v\u00e8nements\"}]},{\"@type\":\"WebSite\",\"@id\":\"https:\\\/\\\/www.aidantsproches.brussels\\\/nl\\\/#website\",\"url\":\"https:\\\/\\\/www.aidantsproches.brussels\\\/nl\\\/\",\"name\":\"Aidants Proches\",\"description\":\"\",\"potentialAction\":[{\"@type\":\"SearchAction\",\"target\":{\"@type\":\"EntryPoint\",\"urlTemplate\":\"https:\\\/\\\/www.aidantsproches.brussels\\\/nl\\\/?s={search_term_string}\"},\"query-input\":{\"@type\":\"PropertyValueSpecification\",\"valueRequired\":true,\"valueName\":\"search_term_string\"}}],\"inLanguage\":\"nl-NL\"}]}<\/script>\n<!-- \/ Yoast SEO plugin. -->","yoast_head_json":{"title":"Aidants proches Bruxelles - Informe et soutient les Aidants Proches bruxellois","description":"Aidants proches Bruxelles est une ASBL qui a pour missions et objectifs d'informer et soutenir les Aidants Proches bruxellois afin de aire \u00e9voluer les mentalit\u00e9s par rapport \u00e0 la probl\u00e9matique des Aidants Proches.","robots":{"index":"index","follow":"follow","max-snippet":"max-snippet:-1","max-image-preview":"max-image-preview:large","max-video-preview":"max-video-preview:-1"},"canonical":"https:\/\/www.aidantsproches.brussels\/nl\/actualite\/rencontres-autonomie-et-maintien-a-domicile\/","og_locale":"nl_NL","og_type":"article","og_title":"Aidants proches Bruxelles - Informe et soutient les Aidants Proches bruxellois","og_description":"Aidants proches Bruxelles est une ASBL qui a pour missions et objectifs d'informer et soutenir les Aidants Proches bruxellois afin de aire \u00e9voluer les mentalit\u00e9s par rapport \u00e0 la probl\u00e9matique des Aidants Proches.","og_url":"https:\/\/www.aidantsproches.brussels\/nl\/actualite\/rencontres-autonomie-et-maintien-a-domicile\/","og_site_name":"Aidants Proches","twitter_card":"summary_large_image","schema":{"@context":"https:\/\/schema.org","@graph":[{"@type":"WebPage","@id":"https:\/\/www.aidantsproches.brussels\/nl\/actualite\/rencontres-autonomie-et-maintien-a-domicile\/","url":"https:\/\/www.aidantsproches.brussels\/nl\/actualite\/rencontres-autonomie-et-maintien-a-domicile\/","name":"Aidants proches Bruxelles - Informe et soutient les Aidants Proches bruxellois","isPartOf":{"@id":"https:\/\/www.aidantsproches.brussels\/nl\/#website"},"datePublished":"2016-11-18T09:38:30+00:00","description":"Aidants proches Bruxelles est une ASBL qui a pour missions et objectifs d'informer et soutenir les Aidants Proches bruxellois afin de aire \u00e9voluer les mentalit\u00e9s par rapport \u00e0 la probl\u00e9matique des Aidants Proches.","breadcrumb":{"@id":"https:\/\/www.aidantsproches.brussels\/nl\/actualite\/rencontres-autonomie-et-maintien-a-domicile\/#breadcrumb"},"inLanguage":"nl-NL","potentialAction":[{"@type":"ReadAction","target":["https:\/\/www.aidantsproches.brussels\/nl\/actualite\/rencontres-autonomie-et-maintien-a-domicile\/"]}]},{"@type":"BreadcrumbList","@id":"https:\/\/www.aidantsproches.brussels\/nl\/actualite\/rencontres-autonomie-et-maintien-a-domicile\/#breadcrumb","itemListElement":[{"@type":"ListItem","position":1,"name":"Accueil","item":"https:\/\/www.aidantsproches.brussels\/nl\/accueil\/"},{"@type":"ListItem","position":2,"name":"Actualit\u00e9s","item":"https:\/\/www.aidantsproches.brussels\/nl\/actualite\/"},{"@type":"ListItem","position":3,"name":"Rencontres &#8211; \u00c9v\u00e8nements"}]},{"@type":"WebSite","@id":"https:\/\/www.aidantsproches.brussels\/nl\/#website","url":"https:\/\/www.aidantsproches.brussels\/nl\/","name":"Aidants Proches","description":"","potentialAction":[{"@type":"SearchAction","target":{"@type":"EntryPoint","urlTemplate":"https:\/\/www.aidantsproches.brussels\/nl\/?s={search_term_string}"},"query-input":{"@type":"PropertyValueSpecification","valueRequired":true,"valueName":"search_term_string"}}],"inLanguage":"nl-NL"}]}},"_links":{"self":[{"href":"https:\/\/www.aidantsproches.brussels\/nl\/wp-json\/wp\/v2\/pages\/10977","targetHints":{"allow":["GET"]}}],"collection":[{"href":"https:\/\/www.aidantsproches.brussels\/nl\/wp-json\/wp\/v2\/pages"}],"about":[{"href":"https:\/\/www.aidantsproches.brussels\/nl\/wp-json\/wp\/v2\/types\/page"}],"author":[{"embeddable":true,"href":"https:\/\/www.aidantsproches.brussels\/nl\/wp-json\/wp\/v2\/users\/1"}],"replies":[{"embeddable":true,"href":"https:\/\/www.aidantsproches.brussels\/nl\/wp-json\/wp\/v2\/comments?post=10977"}],"version-history":[{"count":0,"href":"https:\/\/www.aidantsproches.brussels\/nl\/wp-json\/wp\/v2\/pages\/10977\/revisions"}],"up":[{"embeddable":true,"href":"https:\/\/www.aidantsproches.brussels\/nl\/wp-json\/wp\/v2\/pages\/10971"}],"wp:attachment":[{"href":"https:\/\/www.aidantsproches.brussels\/nl\/wp-json\/wp\/v2\/media?parent=10977"}],"curies":[{"name":"wp","href":"https:\/\/api.w.org\/{rel}","templated":true}]}}