{"id":10975,"date":"2016-11-18T10:41:22","date_gmt":"2016-11-18T09:41:22","guid":{"rendered":"https:\/\/www.aidantsproches.brussels\/actualite\/newsletters-liste\/"},"modified":"2016-11-18T10:41:22","modified_gmt":"2016-11-18T09:41:22","slug":"newsletters-liste","status":"publish","type":"page","link":"https:\/\/www.aidantsproches.brussels\/nl\/actualite\/newsletters-liste\/","title":{"rendered":"Newsletters"},"content":{"rendered":"<h1>Newsletters<\/h1>\n<p>Afin de vous tenir inform\u00e9(e) des derni\u00e8res actualit\u00e9s de l\u2019ASBL et de notre r\u00e9seau, nous vous proposons de vous inscrire \u00e0 notre newsletter mensuelle via le formulaire qui se trouve ci-dessous (tout en bas de la page). La newsletter peut \u00e9galement \u00eatre envoy\u00e9e par voie postale pour les personnes qui n&#8217;auraient pas acc\u00e8s aux outils informatiques : la demande peut se faire par t\u00e9l\u00e9phone au 02\/474.02.55.<\/p>\n<p>Dans la newsletter, vous trouverez toutes les informations concernant les aidants proches, l\u2019actualit\u00e9 politique et l\u00e9gislative, l\u2019agenda des \u00e9v\u00e8nements ou encore des conseils lectures. Vos avis et suggestions sur la newsletter nous int\u00e9ressent, n\u2019h\u00e9sitez donc pas \u00e0 nous contacter par mail : <a href=\"mailto:info@aidantsproches.brussels\">info@aidantsproches.brussels<\/a>. \u00c0 tout moment, vous pouvez \u00e9galement vous d\u00e9sinscrire de la newsletter via un bouton qui se situe tout en bas des mails que vous recevrez.<\/p>\n<p>Dans l\u2019onglet \u00ab Actualit\u00e9s \u00bb, vous trouverez la newsletter du mois et toutes les actualit\u00e9s. Les anciennes \u00e9ditions pourront toujours \u00eatre consult\u00e9es dans l\u2019historique des newsletters.<\/p>\n<p>&nbsp;<\/p>\n<h1>R\u00e9seaux sociaux<\/h1>\n<p>Vous pouvez \u00e9galement vous tenir inform\u00e9(e) des derni\u00e8res actualit\u00e9s de l\u2019ASBL et de notre r\u00e9seau, en vous rendant sur <a href=\"http:\/\/www.facebook.com\/AidantsProchesBXL\" target=\"_blank\" rel=\"noopener noreferrer\">notre page Facebook <\/a>ainsi que sur <a href=\"http:\/\/www.linkedin.com\/company\/aidants-proches-bruxelles-asbl\" target=\"_blank\" rel=\"noopener noreferrer\">notre page LinkedIn<\/a>.<\/p>\n<p>Vos avis et suggestions sur nos publications sur les r\u00e9seaux sociaux nous int\u00e9ressent\u00a0! N\u2019h\u00e9sitez donc pas \u00e0 nous contacter par mail\u00a0: <a href=\"mailto:info@aidantsproches.brussels\">info@aidantsproches.brussels<\/a>. \u00c0 tout moment, vous pouvez \u00e9galement vous d\u00e9sinscrire de ces r\u00e9seaux sociaux.<\/p>\n","protected":false},"excerpt":{"rendered":"Newsletters Afin de vous tenir inform\u00e9(e) des derni\u00e8res actualit\u00e9s de l\u2019ASBL et de notre r\u00e9seau, nous vous proposons de vous inscrire \u00e0 notre newsletter mensuelle via le formulaire qui se trouve ci-dessous (tout en bas de la page). La newsletter peut \u00e9galement \u00eatre envoy\u00e9e par voie postale pour les personnes qui n&#8217;auraient pas acc\u00e8s aux&#8230; <a class=\"view-article\" href=\"https:\/\/www.aidantsproches.brussels\/nl\/actualite\/newsletters-liste\/\">Bekijk Artikel<\/a>","protected":false},"author":1,"featured_media":0,"parent":10971,"menu_order":42,"comment_status":"closed","ping_status":"closed","template":"template-newsletters.php","meta":{"_acf_changed":false,"footnotes":""},"class_list":["post-10975","page","type-page","status-publish","hentry"],"acf":[],"yoast_head":"<!-- This site is optimized with the Yoast SEO plugin v27.6 - https:\/\/yoast.com\/product\/yoast-seo-wordpress\/ -->\n<title>Aidants proches Bruxelles - Informe et soutient les Aidants Proches bruxellois<\/title>\n<meta name=\"description\" content=\"Aidants proches Bruxelles est une ASBL qui a pour missions et objectifs d&#039;informer et soutenir les Aidants Proches bruxellois afin de aire \u00e9voluer les mentalit\u00e9s par rapport \u00e0 la probl\u00e9matique des Aidants Proches\" \/>\n<meta name=\"robots\" content=\"index, follow, max-snippet:-1, max-image-preview:large, max-video-preview:-1\" \/>\n<link rel=\"canonical\" href=\"https:\/\/www.aidantsproches.brussels\/nl\/actualite\/newsletters-liste\/\" \/>\n<meta property=\"og:locale\" content=\"nl_NL\" \/>\n<meta property=\"og:type\" content=\"article\" \/>\n<meta property=\"og:title\" content=\"Aidants proches Bruxelles - Informe et soutient les Aidants Proches bruxellois\" \/>\n<meta property=\"og:description\" content=\"Aidants proches Bruxelles est une ASBL qui a pour missions et objectifs d&#039;informer et soutenir les Aidants Proches bruxellois afin de aire \u00e9voluer les mentalit\u00e9s par rapport \u00e0 la probl\u00e9matique des Aidants Proches\" \/>\n<meta property=\"og:url\" content=\"https:\/\/www.aidantsproches.brussels\/nl\/actualite\/newsletters-liste\/\" \/>\n<meta property=\"og:site_name\" content=\"Aidants Proches\" \/>\n<meta name=\"twitter:card\" content=\"summary_large_image\" \/>\n<meta name=\"twitter:label1\" content=\"Geschatte leestijd\" \/>\n\t<meta name=\"twitter:data1\" content=\"1 minuut\" \/>\n<script type=\"application\/ld+json\" class=\"yoast-schema-graph\">{\"@context\":\"https:\\\/\\\/schema.org\",\"@graph\":[{\"@type\":\"WebPage\",\"@id\":\"https:\\\/\\\/www.aidantsproches.brussels\\\/nl\\\/actualite\\\/newsletters-liste\\\/\",\"url\":\"https:\\\/\\\/www.aidantsproches.brussels\\\/nl\\\/actualite\\\/newsletters-liste\\\/\",\"name\":\"Aidants proches Bruxelles - Informe et soutient les Aidants Proches bruxellois\",\"isPartOf\":{\"@id\":\"https:\\\/\\\/www.aidantsproches.brussels\\\/nl\\\/#website\"},\"datePublished\":\"2016-11-18T09:41:22+00:00\",\"description\":\"Aidants proches Bruxelles est une ASBL qui a pour missions et objectifs d'informer et soutenir les Aidants Proches bruxellois afin de aire \u00e9voluer les mentalit\u00e9s par rapport \u00e0 la probl\u00e9matique des Aidants Proches\",\"breadcrumb\":{\"@id\":\"https:\\\/\\\/www.aidantsproches.brussels\\\/nl\\\/actualite\\\/newsletters-liste\\\/#breadcrumb\"},\"inLanguage\":\"nl-NL\",\"potentialAction\":[{\"@type\":\"ReadAction\",\"target\":[\"https:\\\/\\\/www.aidantsproches.brussels\\\/nl\\\/actualite\\\/newsletters-liste\\\/\"]}]},{\"@type\":\"BreadcrumbList\",\"@id\":\"https:\\\/\\\/www.aidantsproches.brussels\\\/nl\\\/actualite\\\/newsletters-liste\\\/#breadcrumb\",\"itemListElement\":[{\"@type\":\"ListItem\",\"position\":1,\"name\":\"Accueil\",\"item\":\"https:\\\/\\\/www.aidantsproches.brussels\\\/nl\\\/accueil\\\/\"},{\"@type\":\"ListItem\",\"position\":2,\"name\":\"Actualit\u00e9s\",\"item\":\"https:\\\/\\\/www.aidantsproches.brussels\\\/nl\\\/actualite\\\/\"},{\"@type\":\"ListItem\",\"position\":3,\"name\":\"Newsletters\"}]},{\"@type\":\"WebSite\",\"@id\":\"https:\\\/\\\/www.aidantsproches.brussels\\\/nl\\\/#website\",\"url\":\"https:\\\/\\\/www.aidantsproches.brussels\\\/nl\\\/\",\"name\":\"Aidants Proches\",\"description\":\"\",\"potentialAction\":[{\"@type\":\"SearchAction\",\"target\":{\"@type\":\"EntryPoint\",\"urlTemplate\":\"https:\\\/\\\/www.aidantsproches.brussels\\\/nl\\\/?s={search_term_string}\"},\"query-input\":{\"@type\":\"PropertyValueSpecification\",\"valueRequired\":true,\"valueName\":\"search_term_string\"}}],\"inLanguage\":\"nl-NL\"}]}<\/script>\n<!-- \/ Yoast SEO plugin. -->","yoast_head_json":{"title":"Aidants proches Bruxelles - Informe et soutient les Aidants Proches bruxellois","description":"Aidants proches Bruxelles est une ASBL qui a pour missions et objectifs d'informer et soutenir les Aidants Proches bruxellois afin de aire \u00e9voluer les mentalit\u00e9s par rapport \u00e0 la probl\u00e9matique des Aidants Proches","robots":{"index":"index","follow":"follow","max-snippet":"max-snippet:-1","max-image-preview":"max-image-preview:large","max-video-preview":"max-video-preview:-1"},"canonical":"https:\/\/www.aidantsproches.brussels\/nl\/actualite\/newsletters-liste\/","og_locale":"nl_NL","og_type":"article","og_title":"Aidants proches Bruxelles - Informe et soutient les Aidants Proches bruxellois","og_description":"Aidants proches Bruxelles est une ASBL qui a pour missions et objectifs d'informer et soutenir les Aidants Proches bruxellois afin de aire \u00e9voluer les mentalit\u00e9s par rapport \u00e0 la probl\u00e9matique des Aidants Proches","og_url":"https:\/\/www.aidantsproches.brussels\/nl\/actualite\/newsletters-liste\/","og_site_name":"Aidants Proches","twitter_card":"summary_large_image","twitter_misc":{"Geschatte leestijd":"1 minuut"},"schema":{"@context":"https:\/\/schema.org","@graph":[{"@type":"WebPage","@id":"https:\/\/www.aidantsproches.brussels\/nl\/actualite\/newsletters-liste\/","url":"https:\/\/www.aidantsproches.brussels\/nl\/actualite\/newsletters-liste\/","name":"Aidants proches Bruxelles - Informe et soutient les Aidants Proches bruxellois","isPartOf":{"@id":"https:\/\/www.aidantsproches.brussels\/nl\/#website"},"datePublished":"2016-11-18T09:41:22+00:00","description":"Aidants proches Bruxelles est une ASBL qui a pour missions et objectifs d'informer et soutenir les Aidants Proches bruxellois afin de aire \u00e9voluer les mentalit\u00e9s par rapport \u00e0 la probl\u00e9matique des Aidants Proches","breadcrumb":{"@id":"https:\/\/www.aidantsproches.brussels\/nl\/actualite\/newsletters-liste\/#breadcrumb"},"inLanguage":"nl-NL","potentialAction":[{"@type":"ReadAction","target":["https:\/\/www.aidantsproches.brussels\/nl\/actualite\/newsletters-liste\/"]}]},{"@type":"BreadcrumbList","@id":"https:\/\/www.aidantsproches.brussels\/nl\/actualite\/newsletters-liste\/#breadcrumb","itemListElement":[{"@type":"ListItem","position":1,"name":"Accueil","item":"https:\/\/www.aidantsproches.brussels\/nl\/accueil\/"},{"@type":"ListItem","position":2,"name":"Actualit\u00e9s","item":"https:\/\/www.aidantsproches.brussels\/nl\/actualite\/"},{"@type":"ListItem","position":3,"name":"Newsletters"}]},{"@type":"WebSite","@id":"https:\/\/www.aidantsproches.brussels\/nl\/#website","url":"https:\/\/www.aidantsproches.brussels\/nl\/","name":"Aidants Proches","description":"","potentialAction":[{"@type":"SearchAction","target":{"@type":"EntryPoint","urlTemplate":"https:\/\/www.aidantsproches.brussels\/nl\/?s={search_term_string}"},"query-input":{"@type":"PropertyValueSpecification","valueRequired":true,"valueName":"search_term_string"}}],"inLanguage":"nl-NL"}]}},"_links":{"self":[{"href":"https:\/\/www.aidantsproches.brussels\/nl\/wp-json\/wp\/v2\/pages\/10975","targetHints":{"allow":["GET"]}}],"collection":[{"href":"https:\/\/www.aidantsproches.brussels\/nl\/wp-json\/wp\/v2\/pages"}],"about":[{"href":"https:\/\/www.aidantsproches.brussels\/nl\/wp-json\/wp\/v2\/types\/page"}],"author":[{"embeddable":true,"href":"https:\/\/www.aidantsproches.brussels\/nl\/wp-json\/wp\/v2\/users\/1"}],"replies":[{"embeddable":true,"href":"https:\/\/www.aidantsproches.brussels\/nl\/wp-json\/wp\/v2\/comments?post=10975"}],"version-history":[{"count":0,"href":"https:\/\/www.aidantsproches.brussels\/nl\/wp-json\/wp\/v2\/pages\/10975\/revisions"}],"up":[{"embeddable":true,"href":"https:\/\/www.aidantsproches.brussels\/nl\/wp-json\/wp\/v2\/pages\/10971"}],"wp:attachment":[{"href":"https:\/\/www.aidantsproches.brussels\/nl\/wp-json\/wp\/v2\/media?parent=10975"}],"curies":[{"name":"wp","href":"https:\/\/api.w.org\/{rel}","templated":true}]}}