{"id":10974,"date":"2020-04-27T13:46:50","date_gmt":"2020-04-27T11:46:50","guid":{"rendered":"https:\/\/www.aidantsproches.brussels\/actualite\/projets-2\/brusano\/"},"modified":"2020-04-27T13:46:50","modified_gmt":"2020-04-27T11:46:50","slug":"brusano","status":"publish","type":"page","link":"https:\/\/www.aidantsproches.brussels\/nl\/actualite\/projets-2\/brusano\/","title":{"rendered":"Brusano"},"content":{"rendered":"<h2>Projet Boost port\u00e9 par l\u2019asbl Brusano<\/h2>\n<p><strong>Pourquoi participer \u00e0 ces rencontres\u00a0?<\/strong><\/p>\n<p>L\u2019asbl Aidants Proches Bruxelles participe \u00e0 une r\u00e9union par mois. Ces rencontres sont des espaces de concertations multidisciplinaires entre diff\u00e9rents acteurs du secteur des soins de Bruxelles. Le th\u00e8me abord\u00e9 lors de ces rencontres est \u00ab\u00a0la sortie d\u2019h\u00f4pital insuffisamment pr\u00e9par\u00e9e\u00a0\u00bb.<\/p>\n<p>Dans ces sorties d\u2019h\u00f4pital, les proches peuvent avoir un r\u00f4le tr\u00e8s important, c\u2019est pourquoi l\u2019asbl est pr\u00e9sente afin de repr\u00e9senter les aidants proches dans ces rencontres pour qu&#8217;ils soient pris en consid\u00e9ration dans l&#8217;organisation des sorties d&#8217;h\u00f4pital.<\/p>\n<p>Dans le contexte actuel, les rencontres ont d\u00fb s\u2019arr\u00eater mais elles reprendront prochainement lorsque les conditions le permettront.<\/p>\n<p>&nbsp;<\/p>\n<p>&nbsp;<\/p>\n","protected":false},"excerpt":{"rendered":"Projet Boost port\u00e9 par l\u2019asbl Brusano Pourquoi participer \u00e0 ces rencontres\u00a0? L\u2019asbl Aidants Proches Bruxelles participe \u00e0 une r\u00e9union par mois. Ces rencontres sont des espaces de concertations multidisciplinaires entre diff\u00e9rents acteurs du secteur des soins de Bruxelles. Le th\u00e8me abord\u00e9 lors de ces rencontres est \u00ab\u00a0la sortie d\u2019h\u00f4pital insuffisamment pr\u00e9par\u00e9e\u00a0\u00bb. Dans ces sorties d\u2019h\u00f4pital,&#8230; <a class=\"view-article\" href=\"https:\/\/www.aidantsproches.brussels\/nl\/actualite\/projets-2\/brusano\/\">Bekijk Artikel<\/a>","protected":false},"author":1,"featured_media":0,"parent":10972,"menu_order":46,"comment_status":"closed","ping_status":"closed","template":"","meta":{"_acf_changed":false,"footnotes":""},"class_list":["post-10974","page","type-page","status-publish","hentry"],"acf":[],"yoast_head":"<!-- This site is optimized with the Yoast SEO plugin v27.3 - https:\/\/yoast.com\/product\/yoast-seo-wordpress\/ -->\n<title>Brusano - Aidants Proches<\/title>\n<meta name=\"robots\" content=\"index, follow, max-snippet:-1, max-image-preview:large, max-video-preview:-1\" \/>\n<link rel=\"canonical\" href=\"https:\/\/www.aidantsproches.brussels\/nl\/actualite\/projets-2\/brusano\/\" \/>\n<meta property=\"og:locale\" content=\"nl_NL\" \/>\n<meta property=\"og:type\" content=\"article\" \/>\n<meta property=\"og:title\" content=\"Brusano - Aidants Proches\" \/>\n<meta property=\"og:description\" content=\"Projet Boost port\u00e9 par l\u2019asbl Brusano Pourquoi participer \u00e0 ces rencontres\u00a0? L\u2019asbl Aidants Proches Bruxelles participe \u00e0 une r\u00e9union par mois. Ces rencontres sont des espaces de concertations multidisciplinaires entre diff\u00e9rents acteurs du secteur des soins de Bruxelles. Le th\u00e8me abord\u00e9 lors de ces rencontres est \u00ab\u00a0la sortie d\u2019h\u00f4pital insuffisamment pr\u00e9par\u00e9e\u00a0\u00bb. Dans ces sorties d\u2019h\u00f4pital,... Bekijk Artikel\" \/>\n<meta property=\"og:url\" content=\"https:\/\/www.aidantsproches.brussels\/nl\/actualite\/projets-2\/brusano\/\" \/>\n<meta property=\"og:site_name\" content=\"Aidants Proches\" \/>\n<meta name=\"twitter:card\" content=\"summary_large_image\" \/>\n<meta name=\"twitter:label1\" content=\"Geschatte leestijd\" \/>\n\t<meta name=\"twitter:data1\" content=\"1 minuut\" \/>\n<script type=\"application\/ld+json\" class=\"yoast-schema-graph\">{\"@context\":\"https:\\\/\\\/schema.org\",\"@graph\":[{\"@type\":\"WebPage\",\"@id\":\"https:\\\/\\\/www.aidantsproches.brussels\\\/nl\\\/actualite\\\/projets-2\\\/brusano\\\/\",\"url\":\"https:\\\/\\\/www.aidantsproches.brussels\\\/nl\\\/actualite\\\/projets-2\\\/brusano\\\/\",\"name\":\"Brusano - Aidants Proches\",\"isPartOf\":{\"@id\":\"https:\\\/\\\/www.aidantsproches.brussels\\\/nl\\\/#website\"},\"datePublished\":\"2020-04-27T11:46:50+00:00\",\"breadcrumb\":{\"@id\":\"https:\\\/\\\/www.aidantsproches.brussels\\\/nl\\\/actualite\\\/projets-2\\\/brusano\\\/#breadcrumb\"},\"inLanguage\":\"nl-NL\",\"potentialAction\":[{\"@type\":\"ReadAction\",\"target\":[\"https:\\\/\\\/www.aidantsproches.brussels\\\/nl\\\/actualite\\\/projets-2\\\/brusano\\\/\"]}]},{\"@type\":\"BreadcrumbList\",\"@id\":\"https:\\\/\\\/www.aidantsproches.brussels\\\/nl\\\/actualite\\\/projets-2\\\/brusano\\\/#breadcrumb\",\"itemListElement\":[{\"@type\":\"ListItem\",\"position\":1,\"name\":\"Accueil\",\"item\":\"https:\\\/\\\/www.aidantsproches.brussels\\\/nl\\\/accueil\\\/\"},{\"@type\":\"ListItem\",\"position\":2,\"name\":\"Actualit\u00e9s\",\"item\":\"https:\\\/\\\/www.aidantsproches.brussels\\\/nl\\\/actualite\\\/\"},{\"@type\":\"ListItem\",\"position\":3,\"name\":\"Projets\",\"item\":\"https:\\\/\\\/www.aidantsproches.brussels\\\/nl\\\/actualite\\\/projets-2\\\/\"},{\"@type\":\"ListItem\",\"position\":4,\"name\":\"Brusano\"}]},{\"@type\":\"WebSite\",\"@id\":\"https:\\\/\\\/www.aidantsproches.brussels\\\/nl\\\/#website\",\"url\":\"https:\\\/\\\/www.aidantsproches.brussels\\\/nl\\\/\",\"name\":\"Aidants Proches\",\"description\":\"\",\"potentialAction\":[{\"@type\":\"SearchAction\",\"target\":{\"@type\":\"EntryPoint\",\"urlTemplate\":\"https:\\\/\\\/www.aidantsproches.brussels\\\/nl\\\/?s={search_term_string}\"},\"query-input\":{\"@type\":\"PropertyValueSpecification\",\"valueRequired\":true,\"valueName\":\"search_term_string\"}}],\"inLanguage\":\"nl-NL\"}]}<\/script>\n<!-- \/ Yoast SEO plugin. -->","yoast_head_json":{"title":"Brusano - Aidants Proches","robots":{"index":"index","follow":"follow","max-snippet":"max-snippet:-1","max-image-preview":"max-image-preview:large","max-video-preview":"max-video-preview:-1"},"canonical":"https:\/\/www.aidantsproches.brussels\/nl\/actualite\/projets-2\/brusano\/","og_locale":"nl_NL","og_type":"article","og_title":"Brusano - Aidants Proches","og_description":"Projet Boost port\u00e9 par l\u2019asbl Brusano Pourquoi participer \u00e0 ces rencontres\u00a0? L\u2019asbl Aidants Proches Bruxelles participe \u00e0 une r\u00e9union par mois. Ces rencontres sont des espaces de concertations multidisciplinaires entre diff\u00e9rents acteurs du secteur des soins de Bruxelles. Le th\u00e8me abord\u00e9 lors de ces rencontres est \u00ab\u00a0la sortie d\u2019h\u00f4pital insuffisamment pr\u00e9par\u00e9e\u00a0\u00bb. Dans ces sorties d\u2019h\u00f4pital,... Bekijk Artikel","og_url":"https:\/\/www.aidantsproches.brussels\/nl\/actualite\/projets-2\/brusano\/","og_site_name":"Aidants Proches","twitter_card":"summary_large_image","twitter_misc":{"Geschatte leestijd":"1 minuut"},"schema":{"@context":"https:\/\/schema.org","@graph":[{"@type":"WebPage","@id":"https:\/\/www.aidantsproches.brussels\/nl\/actualite\/projets-2\/brusano\/","url":"https:\/\/www.aidantsproches.brussels\/nl\/actualite\/projets-2\/brusano\/","name":"Brusano - Aidants Proches","isPartOf":{"@id":"https:\/\/www.aidantsproches.brussels\/nl\/#website"},"datePublished":"2020-04-27T11:46:50+00:00","breadcrumb":{"@id":"https:\/\/www.aidantsproches.brussels\/nl\/actualite\/projets-2\/brusano\/#breadcrumb"},"inLanguage":"nl-NL","potentialAction":[{"@type":"ReadAction","target":["https:\/\/www.aidantsproches.brussels\/nl\/actualite\/projets-2\/brusano\/"]}]},{"@type":"BreadcrumbList","@id":"https:\/\/www.aidantsproches.brussels\/nl\/actualite\/projets-2\/brusano\/#breadcrumb","itemListElement":[{"@type":"ListItem","position":1,"name":"Accueil","item":"https:\/\/www.aidantsproches.brussels\/nl\/accueil\/"},{"@type":"ListItem","position":2,"name":"Actualit\u00e9s","item":"https:\/\/www.aidantsproches.brussels\/nl\/actualite\/"},{"@type":"ListItem","position":3,"name":"Projets","item":"https:\/\/www.aidantsproches.brussels\/nl\/actualite\/projets-2\/"},{"@type":"ListItem","position":4,"name":"Brusano"}]},{"@type":"WebSite","@id":"https:\/\/www.aidantsproches.brussels\/nl\/#website","url":"https:\/\/www.aidantsproches.brussels\/nl\/","name":"Aidants Proches","description":"","potentialAction":[{"@type":"SearchAction","target":{"@type":"EntryPoint","urlTemplate":"https:\/\/www.aidantsproches.brussels\/nl\/?s={search_term_string}"},"query-input":{"@type":"PropertyValueSpecification","valueRequired":true,"valueName":"search_term_string"}}],"inLanguage":"nl-NL"}]}},"_links":{"self":[{"href":"https:\/\/www.aidantsproches.brussels\/nl\/wp-json\/wp\/v2\/pages\/10974","targetHints":{"allow":["GET"]}}],"collection":[{"href":"https:\/\/www.aidantsproches.brussels\/nl\/wp-json\/wp\/v2\/pages"}],"about":[{"href":"https:\/\/www.aidantsproches.brussels\/nl\/wp-json\/wp\/v2\/types\/page"}],"author":[{"embeddable":true,"href":"https:\/\/www.aidantsproches.brussels\/nl\/wp-json\/wp\/v2\/users\/1"}],"replies":[{"embeddable":true,"href":"https:\/\/www.aidantsproches.brussels\/nl\/wp-json\/wp\/v2\/comments?post=10974"}],"version-history":[{"count":0,"href":"https:\/\/www.aidantsproches.brussels\/nl\/wp-json\/wp\/v2\/pages\/10974\/revisions"}],"up":[{"embeddable":true,"href":"https:\/\/www.aidantsproches.brussels\/nl\/wp-json\/wp\/v2\/pages\/10972"}],"wp:attachment":[{"href":"https:\/\/www.aidantsproches.brussels\/nl\/wp-json\/wp\/v2\/media?parent=10974"}],"curies":[{"name":"wp","href":"https:\/\/api.w.org\/{rel}","templated":true}]}}