{"id":10972,"date":"2020-04-27T13:45:53","date_gmt":"2020-04-27T11:45:53","guid":{"rendered":"https:\/\/www.aidantsproches.brussels\/actualite\/projets-2\/"},"modified":"2020-04-27T13:45:53","modified_gmt":"2020-04-27T11:45:53","slug":"projets-2","status":"publish","type":"page","link":"https:\/\/www.aidantsproches.brussels\/nl\/actualite\/projets-2\/","title":{"rendered":"Projets"},"content":{"rendered":"<p>Dans cet onglet, vous trouverez toutes les informations relatives aux projets men\u00e9s en partenariat avec d&#8217;autres acteurs du r\u00e9seau de soin et de l&#8217;aide bruxellois.<\/p>\n<p>Actuellement, l&#8217;asbl Aidants Proches Bruxelles participe \u00e0 deux projets :<\/p>\n<ul>\n<li><a href=\"https:\/\/www.aidantsproches.brussels\/actualite\/projets-2\/brusano\/\">Projet Boost port\u00e9 par Brusano\u00a0<\/a><\/li>\n<li><a href=\"https:\/\/www.aidantsproches.brussels\/actualite\/projets-2\/3-quartiers\/\">Projet des 3 Quartiers financ\u00e9 par la COCOM<\/a><\/li>\n<\/ul>\n","protected":false},"excerpt":{"rendered":"Dans cet onglet, vous trouverez toutes les informations relatives aux projets men\u00e9s en partenariat avec d&#8217;autres acteurs du r\u00e9seau de soin et de l&#8217;aide bruxellois. Actuellement, l&#8217;asbl Aidants Proches Bruxelles participe \u00e0 deux projets : Projet Boost port\u00e9 par Brusano\u00a0 Projet des 3 Quartiers financ\u00e9 par la COCOM","protected":false},"author":1,"featured_media":0,"parent":10971,"menu_order":41,"comment_status":"closed","ping_status":"closed","template":"","meta":{"_acf_changed":false,"footnotes":""},"class_list":["post-10972","page","type-page","status-publish","hentry"],"acf":[],"yoast_head":"<!-- This site is optimized with the Yoast SEO plugin v27.6 - https:\/\/yoast.com\/product\/yoast-seo-wordpress\/ -->\n<title>Projets - Aidants Proches<\/title>\n<meta name=\"robots\" content=\"index, follow, max-snippet:-1, max-image-preview:large, max-video-preview:-1\" \/>\n<link rel=\"canonical\" href=\"https:\/\/www.aidantsproches.brussels\/nl\/actualite\/projets-2\/\" \/>\n<meta property=\"og:locale\" content=\"nl_NL\" \/>\n<meta property=\"og:type\" content=\"article\" \/>\n<meta property=\"og:title\" content=\"Projets - Aidants Proches\" \/>\n<meta property=\"og:description\" content=\"Dans cet onglet, vous trouverez toutes les informations relatives aux projets men\u00e9s en partenariat avec d&#8217;autres acteurs du r\u00e9seau de soin et de l&#8217;aide bruxellois. Actuellement, l&#8217;asbl Aidants Proches Bruxelles participe \u00e0 deux projets : Projet Boost port\u00e9 par Brusano\u00a0 Projet des 3 Quartiers financ\u00e9 par la COCOM\" \/>\n<meta property=\"og:url\" content=\"https:\/\/www.aidantsproches.brussels\/nl\/actualite\/projets-2\/\" \/>\n<meta property=\"og:site_name\" content=\"Aidants Proches\" \/>\n<meta name=\"twitter:card\" content=\"summary_large_image\" \/>\n<script type=\"application\/ld+json\" class=\"yoast-schema-graph\">{\"@context\":\"https:\\\/\\\/schema.org\",\"@graph\":[{\"@type\":\"WebPage\",\"@id\":\"https:\\\/\\\/www.aidantsproches.brussels\\\/nl\\\/actualite\\\/projets-2\\\/\",\"url\":\"https:\\\/\\\/www.aidantsproches.brussels\\\/nl\\\/actualite\\\/projets-2\\\/\",\"name\":\"Projets - Aidants Proches\",\"isPartOf\":{\"@id\":\"https:\\\/\\\/www.aidantsproches.brussels\\\/nl\\\/#website\"},\"datePublished\":\"2020-04-27T11:45:53+00:00\",\"breadcrumb\":{\"@id\":\"https:\\\/\\\/www.aidantsproches.brussels\\\/nl\\\/actualite\\\/projets-2\\\/#breadcrumb\"},\"inLanguage\":\"nl-NL\",\"potentialAction\":[{\"@type\":\"ReadAction\",\"target\":[\"https:\\\/\\\/www.aidantsproches.brussels\\\/nl\\\/actualite\\\/projets-2\\\/\"]}]},{\"@type\":\"BreadcrumbList\",\"@id\":\"https:\\\/\\\/www.aidantsproches.brussels\\\/nl\\\/actualite\\\/projets-2\\\/#breadcrumb\",\"itemListElement\":[{\"@type\":\"ListItem\",\"position\":1,\"name\":\"Accueil\",\"item\":\"https:\\\/\\\/www.aidantsproches.brussels\\\/nl\\\/accueil\\\/\"},{\"@type\":\"ListItem\",\"position\":2,\"name\":\"Actualit\u00e9s\",\"item\":\"https:\\\/\\\/www.aidantsproches.brussels\\\/nl\\\/actualite\\\/\"},{\"@type\":\"ListItem\",\"position\":3,\"name\":\"Projets\"}]},{\"@type\":\"WebSite\",\"@id\":\"https:\\\/\\\/www.aidantsproches.brussels\\\/nl\\\/#website\",\"url\":\"https:\\\/\\\/www.aidantsproches.brussels\\\/nl\\\/\",\"name\":\"Aidants Proches\",\"description\":\"\",\"potentialAction\":[{\"@type\":\"SearchAction\",\"target\":{\"@type\":\"EntryPoint\",\"urlTemplate\":\"https:\\\/\\\/www.aidantsproches.brussels\\\/nl\\\/?s={search_term_string}\"},\"query-input\":{\"@type\":\"PropertyValueSpecification\",\"valueRequired\":true,\"valueName\":\"search_term_string\"}}],\"inLanguage\":\"nl-NL\"}]}<\/script>\n<!-- \/ Yoast SEO plugin. -->","yoast_head_json":{"title":"Projets - Aidants Proches","robots":{"index":"index","follow":"follow","max-snippet":"max-snippet:-1","max-image-preview":"max-image-preview:large","max-video-preview":"max-video-preview:-1"},"canonical":"https:\/\/www.aidantsproches.brussels\/nl\/actualite\/projets-2\/","og_locale":"nl_NL","og_type":"article","og_title":"Projets - Aidants Proches","og_description":"Dans cet onglet, vous trouverez toutes les informations relatives aux projets men\u00e9s en partenariat avec d&#8217;autres acteurs du r\u00e9seau de soin et de l&#8217;aide bruxellois. Actuellement, l&#8217;asbl Aidants Proches Bruxelles participe \u00e0 deux projets : Projet Boost port\u00e9 par Brusano\u00a0 Projet des 3 Quartiers financ\u00e9 par la COCOM","og_url":"https:\/\/www.aidantsproches.brussels\/nl\/actualite\/projets-2\/","og_site_name":"Aidants Proches","twitter_card":"summary_large_image","schema":{"@context":"https:\/\/schema.org","@graph":[{"@type":"WebPage","@id":"https:\/\/www.aidantsproches.brussels\/nl\/actualite\/projets-2\/","url":"https:\/\/www.aidantsproches.brussels\/nl\/actualite\/projets-2\/","name":"Projets - Aidants Proches","isPartOf":{"@id":"https:\/\/www.aidantsproches.brussels\/nl\/#website"},"datePublished":"2020-04-27T11:45:53+00:00","breadcrumb":{"@id":"https:\/\/www.aidantsproches.brussels\/nl\/actualite\/projets-2\/#breadcrumb"},"inLanguage":"nl-NL","potentialAction":[{"@type":"ReadAction","target":["https:\/\/www.aidantsproches.brussels\/nl\/actualite\/projets-2\/"]}]},{"@type":"BreadcrumbList","@id":"https:\/\/www.aidantsproches.brussels\/nl\/actualite\/projets-2\/#breadcrumb","itemListElement":[{"@type":"ListItem","position":1,"name":"Accueil","item":"https:\/\/www.aidantsproches.brussels\/nl\/accueil\/"},{"@type":"ListItem","position":2,"name":"Actualit\u00e9s","item":"https:\/\/www.aidantsproches.brussels\/nl\/actualite\/"},{"@type":"ListItem","position":3,"name":"Projets"}]},{"@type":"WebSite","@id":"https:\/\/www.aidantsproches.brussels\/nl\/#website","url":"https:\/\/www.aidantsproches.brussels\/nl\/","name":"Aidants Proches","description":"","potentialAction":[{"@type":"SearchAction","target":{"@type":"EntryPoint","urlTemplate":"https:\/\/www.aidantsproches.brussels\/nl\/?s={search_term_string}"},"query-input":{"@type":"PropertyValueSpecification","valueRequired":true,"valueName":"search_term_string"}}],"inLanguage":"nl-NL"}]}},"_links":{"self":[{"href":"https:\/\/www.aidantsproches.brussels\/nl\/wp-json\/wp\/v2\/pages\/10972","targetHints":{"allow":["GET"]}}],"collection":[{"href":"https:\/\/www.aidantsproches.brussels\/nl\/wp-json\/wp\/v2\/pages"}],"about":[{"href":"https:\/\/www.aidantsproches.brussels\/nl\/wp-json\/wp\/v2\/types\/page"}],"author":[{"embeddable":true,"href":"https:\/\/www.aidantsproches.brussels\/nl\/wp-json\/wp\/v2\/users\/1"}],"replies":[{"embeddable":true,"href":"https:\/\/www.aidantsproches.brussels\/nl\/wp-json\/wp\/v2\/comments?post=10972"}],"version-history":[{"count":0,"href":"https:\/\/www.aidantsproches.brussels\/nl\/wp-json\/wp\/v2\/pages\/10972\/revisions"}],"up":[{"embeddable":true,"href":"https:\/\/www.aidantsproches.brussels\/nl\/wp-json\/wp\/v2\/pages\/10971"}],"wp:attachment":[{"href":"https:\/\/www.aidantsproches.brussels\/nl\/wp-json\/wp\/v2\/media?parent=10972"}],"curies":[{"name":"wp","href":"https:\/\/api.w.org\/{rel}","templated":true}]}}