{"id":10969,"date":"2016-11-18T10:38:53","date_gmt":"2016-11-18T09:38:53","guid":{"rendered":"https:\/\/www.aidantsproches.brussels\/actions\/partenariat-patient-aidant-proche\/"},"modified":"2023-07-05T15:22:22","modified_gmt":"2023-07-05T13:22:22","slug":"partenariat-patient-aidant-proche","status":"publish","type":"page","link":"https:\/\/www.aidantsproches.brussels\/nl\/actions\/partenariat-patient-aidant-proche\/","title":{"rendered":"Aidants-Proches Ressources"},"content":{"rendered":"<h2>Projet Aidants-Proches Ressources<\/h2>\n<p>Ce projet Aidants-Proches Ressources est une d\u00e9marche qui a pour but d\u2019<strong>int\u00e9grer des aidants-proches dans la r\u00e9flexion et le d\u00e9veloppement de divers projets de l\u2019ASBL<\/strong> en prenant en compte leurs propres exp\u00e9riences de vie aupr\u00e8s d\u2019un proche en perte d\u2019autonomie. Le but de cette d\u00e9marche est de mettre en place des projets qui r\u00e9pondent r\u00e9ellement aux besoins des aidants proches, puisqu&#8217;ils seront co-construits avec des aidants-proches ressources.<\/p>\n<p>Depuis sa cr\u00e9ation, l\u2019ASBL Aidants Proches Bruxelles utilise cette d\u00e9marche. Gr\u00e2ce \u00e0 la collaboration avec les aidants proches ressources, un projet s\u2019est concr\u00e9tis\u00e9 : une plateforme web visant \u00e0 soutenir les aidants-proches. Ce projet a donn\u00e9 naissance \u00e0 l\u2019ASBL SAM le R\u00e9seau des aidants, qui travaille principalement sur la pr\u00e9vention et le d\u00e9veloppement d\u2019outils destin\u00e9s aux \u00ab SAM \u00bb. Le mot \u00ab SAM \u00bb est l\u2019acronyme de \u00ab Solidaire \u00e0 la Maison \u00bb et concerne toutes les personnes qui apportent leur aide \u00e0 une autre personne (proche ou non) fragilis\u00e9e.<\/p>\n<p>En 2020, l\u2019ASBL Aidants Proches Bruxelles continue \u00e0 faire appel \u00e0 des aidants-proches ressources pour am\u00e9liorer sa communication et d\u00e9velopper le projet \u00ab Bruxelles R\u00e9gion Aidante \u00bb. Il nous parait important que des aidants-proches ressources nous assistent sur ces projets pour qu\u2019\u00e0 terme, ils r\u00e9pondent le mieux possible \u00e0 leurs besoins. Afin d\u2019optimiser la collaboration avec des aidants proches ressources, une salari\u00e9e de l&#8217;\u00e9quipe a suivi un certificat universitaire en partenariat patient organis\u00e9 par l&#8217;ULB en 2021.<\/p>\n<p>En 2023, l&#8217;asbl compte une dizaine d&#8217;aidants-proches ressources et souhaite davantage cadrer ces partenariats : dans quelles missions de l&#8217;asbl souhaitent-ils s&#8217;investir ? Combien de temps souhaitent-ils consacrer \u00e0 l&#8217;asbl ? Pour ce faire, un premier repas a \u00e9t\u00e9 organis\u00e9 d\u00e9but juillet avec des aidants-proches ressources pour qu&#8217;ils puissent r\u00e9pondre \u00e0 un questionnaire sur leurs envies &amp; disponibilit\u00e9s. \u00c0 l&#8217;avenir, l&#8217;asbl souhaite r\u00e9guli\u00e8rement organiser des temps collectifs avec les aidants-proches ressources pour faire le point sur les projets de l&#8217;absl et leur implication.<\/p>\n<p>Vous \u00eates aidant-proche et vous souhaitez mettre votre exp\u00e9rience \u00e0 profit pour soutenir la cause des aidants-proches ? N&#8217;h\u00e9sitez pas \u00e0 nous contacter au 02\/474.02.55 ou \u00e0 info@aidantsproches.brussels pour en discuter.<\/p>\n","protected":false},"excerpt":{"rendered":"Projet Aidants-Proches Ressources Ce projet Aidants-Proches Ressources est une d\u00e9marche qui a pour but d\u2019int\u00e9grer des aidants-proches dans la r\u00e9flexion et le d\u00e9veloppement de divers projets de l\u2019ASBL en prenant en compte leurs propres exp\u00e9riences de vie aupr\u00e8s d\u2019un proche en perte d\u2019autonomie. Le but de cette d\u00e9marche est de mettre en place des projets&#8230; <a class=\"view-article\" href=\"https:\/\/www.aidantsproches.brussels\/nl\/actions\/partenariat-patient-aidant-proche\/\">Bekijk Artikel<\/a>","protected":false},"author":1,"featured_media":0,"parent":10964,"menu_order":35,"comment_status":"closed","ping_status":"closed","template":"","meta":{"_acf_changed":false,"footnotes":""},"class_list":["post-10969","page","type-page","status-publish","hentry"],"acf":[],"yoast_head":"<!-- This site is optimized with the Yoast SEO plugin v27.4 - https:\/\/yoast.com\/product\/yoast-seo-wordpress\/ -->\n<title>Aidants proches Bruxelles - Informe et soutient les Aidants Proches bruxellois<\/title>\n<meta name=\"description\" content=\"Aidants proches Bruxelles est une ASBL qui a pour missions et objectifs d&#039;informer et soutenir les Aidants Proches bruxellois afin de aire \u00e9voluer les mentalit\u00e9s par rapport \u00e0 la probl\u00e9matique des Aidants Proches\" \/>\n<meta name=\"robots\" content=\"index, follow, max-snippet:-1, max-image-preview:large, max-video-preview:-1\" \/>\n<link rel=\"canonical\" href=\"https:\/\/www.aidantsproches.brussels\/nl\/actions\/partenariat-patient-aidant-proche\/\" \/>\n<meta property=\"og:locale\" content=\"nl_NL\" \/>\n<meta property=\"og:type\" content=\"article\" \/>\n<meta property=\"og:title\" content=\"Aidants proches Bruxelles - Informe et soutient les Aidants Proches bruxellois\" \/>\n<meta property=\"og:description\" content=\"Aidants proches Bruxelles est une ASBL qui a pour missions et objectifs d&#039;informer et soutenir les Aidants Proches bruxellois afin de aire \u00e9voluer les mentalit\u00e9s par rapport \u00e0 la probl\u00e9matique des Aidants Proches\" \/>\n<meta property=\"og:url\" content=\"https:\/\/www.aidantsproches.brussels\/nl\/actions\/partenariat-patient-aidant-proche\/\" \/>\n<meta property=\"og:site_name\" content=\"Aidants Proches\" \/>\n<meta property=\"article:modified_time\" content=\"2023-07-05T13:22:22+00:00\" \/>\n<meta name=\"twitter:card\" content=\"summary_large_image\" \/>\n<meta name=\"twitter:label1\" content=\"Geschatte leestijd\" \/>\n\t<meta name=\"twitter:data1\" content=\"2 minuten\" \/>\n<script type=\"application\/ld+json\" class=\"yoast-schema-graph\">{\"@context\":\"https:\\\/\\\/schema.org\",\"@graph\":[{\"@type\":\"WebPage\",\"@id\":\"https:\\\/\\\/www.aidantsproches.brussels\\\/nl\\\/actions\\\/partenariat-patient-aidant-proche\\\/\",\"url\":\"https:\\\/\\\/www.aidantsproches.brussels\\\/nl\\\/actions\\\/partenariat-patient-aidant-proche\\\/\",\"name\":\"Aidants proches Bruxelles - Informe et soutient les Aidants Proches bruxellois\",\"isPartOf\":{\"@id\":\"https:\\\/\\\/www.aidantsproches.brussels\\\/nl\\\/#website\"},\"datePublished\":\"2016-11-18T09:38:53+00:00\",\"dateModified\":\"2023-07-05T13:22:22+00:00\",\"description\":\"Aidants proches Bruxelles est une ASBL qui a pour missions et objectifs d'informer et soutenir les Aidants Proches bruxellois afin de aire \u00e9voluer les mentalit\u00e9s par rapport \u00e0 la probl\u00e9matique des Aidants Proches\",\"breadcrumb\":{\"@id\":\"https:\\\/\\\/www.aidantsproches.brussels\\\/nl\\\/actions\\\/partenariat-patient-aidant-proche\\\/#breadcrumb\"},\"inLanguage\":\"nl-NL\",\"potentialAction\":[{\"@type\":\"ReadAction\",\"target\":[\"https:\\\/\\\/www.aidantsproches.brussels\\\/nl\\\/actions\\\/partenariat-patient-aidant-proche\\\/\"]}]},{\"@type\":\"BreadcrumbList\",\"@id\":\"https:\\\/\\\/www.aidantsproches.brussels\\\/nl\\\/actions\\\/partenariat-patient-aidant-proche\\\/#breadcrumb\",\"itemListElement\":[{\"@type\":\"ListItem\",\"position\":1,\"name\":\"Accueil\",\"item\":\"https:\\\/\\\/www.aidantsproches.brussels\\\/nl\\\/accueil\\\/\"},{\"@type\":\"ListItem\",\"position\":2,\"name\":\"Acties\",\"item\":\"https:\\\/\\\/www.aidantsproches.brussels\\\/nl\\\/actions\\\/\"},{\"@type\":\"ListItem\",\"position\":3,\"name\":\"Aidants-Proches Ressources\"}]},{\"@type\":\"WebSite\",\"@id\":\"https:\\\/\\\/www.aidantsproches.brussels\\\/nl\\\/#website\",\"url\":\"https:\\\/\\\/www.aidantsproches.brussels\\\/nl\\\/\",\"name\":\"Aidants Proches\",\"description\":\"\",\"potentialAction\":[{\"@type\":\"SearchAction\",\"target\":{\"@type\":\"EntryPoint\",\"urlTemplate\":\"https:\\\/\\\/www.aidantsproches.brussels\\\/nl\\\/?s={search_term_string}\"},\"query-input\":{\"@type\":\"PropertyValueSpecification\",\"valueRequired\":true,\"valueName\":\"search_term_string\"}}],\"inLanguage\":\"nl-NL\"}]}<\/script>\n<!-- \/ Yoast SEO plugin. -->","yoast_head_json":{"title":"Aidants proches Bruxelles - Informe et soutient les Aidants Proches bruxellois","description":"Aidants proches Bruxelles est une ASBL qui a pour missions et objectifs d'informer et soutenir les Aidants Proches bruxellois afin de aire \u00e9voluer les mentalit\u00e9s par rapport \u00e0 la probl\u00e9matique des Aidants Proches","robots":{"index":"index","follow":"follow","max-snippet":"max-snippet:-1","max-image-preview":"max-image-preview:large","max-video-preview":"max-video-preview:-1"},"canonical":"https:\/\/www.aidantsproches.brussels\/nl\/actions\/partenariat-patient-aidant-proche\/","og_locale":"nl_NL","og_type":"article","og_title":"Aidants proches Bruxelles - Informe et soutient les Aidants Proches bruxellois","og_description":"Aidants proches Bruxelles est une ASBL qui a pour missions et objectifs d'informer et soutenir les Aidants Proches bruxellois afin de aire \u00e9voluer les mentalit\u00e9s par rapport \u00e0 la probl\u00e9matique des Aidants Proches","og_url":"https:\/\/www.aidantsproches.brussels\/nl\/actions\/partenariat-patient-aidant-proche\/","og_site_name":"Aidants Proches","article_modified_time":"2023-07-05T13:22:22+00:00","twitter_card":"summary_large_image","twitter_misc":{"Geschatte leestijd":"2 minuten"},"schema":{"@context":"https:\/\/schema.org","@graph":[{"@type":"WebPage","@id":"https:\/\/www.aidantsproches.brussels\/nl\/actions\/partenariat-patient-aidant-proche\/","url":"https:\/\/www.aidantsproches.brussels\/nl\/actions\/partenariat-patient-aidant-proche\/","name":"Aidants proches Bruxelles - Informe et soutient les Aidants Proches bruxellois","isPartOf":{"@id":"https:\/\/www.aidantsproches.brussels\/nl\/#website"},"datePublished":"2016-11-18T09:38:53+00:00","dateModified":"2023-07-05T13:22:22+00:00","description":"Aidants proches Bruxelles est une ASBL qui a pour missions et objectifs d'informer et soutenir les Aidants Proches bruxellois afin de aire \u00e9voluer les mentalit\u00e9s par rapport \u00e0 la probl\u00e9matique des Aidants Proches","breadcrumb":{"@id":"https:\/\/www.aidantsproches.brussels\/nl\/actions\/partenariat-patient-aidant-proche\/#breadcrumb"},"inLanguage":"nl-NL","potentialAction":[{"@type":"ReadAction","target":["https:\/\/www.aidantsproches.brussels\/nl\/actions\/partenariat-patient-aidant-proche\/"]}]},{"@type":"BreadcrumbList","@id":"https:\/\/www.aidantsproches.brussels\/nl\/actions\/partenariat-patient-aidant-proche\/#breadcrumb","itemListElement":[{"@type":"ListItem","position":1,"name":"Accueil","item":"https:\/\/www.aidantsproches.brussels\/nl\/accueil\/"},{"@type":"ListItem","position":2,"name":"Acties","item":"https:\/\/www.aidantsproches.brussels\/nl\/actions\/"},{"@type":"ListItem","position":3,"name":"Aidants-Proches Ressources"}]},{"@type":"WebSite","@id":"https:\/\/www.aidantsproches.brussels\/nl\/#website","url":"https:\/\/www.aidantsproches.brussels\/nl\/","name":"Aidants Proches","description":"","potentialAction":[{"@type":"SearchAction","target":{"@type":"EntryPoint","urlTemplate":"https:\/\/www.aidantsproches.brussels\/nl\/?s={search_term_string}"},"query-input":{"@type":"PropertyValueSpecification","valueRequired":true,"valueName":"search_term_string"}}],"inLanguage":"nl-NL"}]}},"_links":{"self":[{"href":"https:\/\/www.aidantsproches.brussels\/nl\/wp-json\/wp\/v2\/pages\/10969","targetHints":{"allow":["GET"]}}],"collection":[{"href":"https:\/\/www.aidantsproches.brussels\/nl\/wp-json\/wp\/v2\/pages"}],"about":[{"href":"https:\/\/www.aidantsproches.brussels\/nl\/wp-json\/wp\/v2\/types\/page"}],"author":[{"embeddable":true,"href":"https:\/\/www.aidantsproches.brussels\/nl\/wp-json\/wp\/v2\/users\/1"}],"replies":[{"embeddable":true,"href":"https:\/\/www.aidantsproches.brussels\/nl\/wp-json\/wp\/v2\/comments?post=10969"}],"version-history":[{"count":1,"href":"https:\/\/www.aidantsproches.brussels\/nl\/wp-json\/wp\/v2\/pages\/10969\/revisions"}],"predecessor-version":[{"id":14592,"href":"https:\/\/www.aidantsproches.brussels\/nl\/wp-json\/wp\/v2\/pages\/10969\/revisions\/14592"}],"up":[{"embeddable":true,"href":"https:\/\/www.aidantsproches.brussels\/nl\/wp-json\/wp\/v2\/pages\/10964"}],"wp:attachment":[{"href":"https:\/\/www.aidantsproches.brussels\/nl\/wp-json\/wp\/v2\/media?parent=10969"}],"curies":[{"name":"wp","href":"https:\/\/api.w.org\/{rel}","templated":true}]}}