{"id":10962,"date":"2016-12-14T10:01:42","date_gmt":"2016-12-14T09:01:42","guid":{"rendered":"https:\/\/www.aidantsproches.brussels\/accueil\/"},"modified":"2025-08-05T11:44:45","modified_gmt":"2025-08-05T09:44:45","slug":"accueil","status":"publish","type":"page","link":"https:\/\/www.aidantsproches.brussels\/nl\/","title":{"rendered":"Accueil"},"content":{"rendered":"","protected":false},"excerpt":{"rendered":"","protected":false},"author":1,"featured_media":10861,"parent":0,"menu_order":13,"comment_status":"closed","ping_status":"closed","template":"template-accueil.php","meta":{"_acf_changed":false,"footnotes":""},"class_list":["post-10962","page","type-page","status-publish","has-post-thumbnail","hentry"],"acf":[],"yoast_head":"<!-- This site is optimized with the Yoast SEO plugin v27.6 - https:\/\/yoast.com\/product\/yoast-seo-wordpress\/ -->\n<title>Aidants proches Bruxelles - Informe et soutient les Aidants Proches bruxellois<\/title>\n<meta name=\"description\" content=\"Aidants proches Bruxelles est une ASBL qui a pour missions et objectifs d&#039;informer et soutenir les Aidants Proches bruxellois afin de aire \u00e9voluer les mentalit\u00e9s par rapport \u00e0 la probl\u00e9matique des Aidants Proches\" \/>\n<meta name=\"robots\" content=\"index, follow, max-snippet:-1, max-image-preview:large, max-video-preview:-1\" \/>\n<link rel=\"canonical\" href=\"https:\/\/www.aidantsproches.brussels\/nl\/\" \/>\n<meta property=\"og:locale\" content=\"nl_NL\" \/>\n<meta property=\"og:type\" content=\"article\" \/>\n<meta property=\"og:title\" content=\"Aidants proches Bruxelles - Informe et soutient les Aidants Proches bruxellois\" \/>\n<meta property=\"og:description\" content=\"Aidants proches Bruxelles est une ASBL qui a pour missions et objectifs d&#039;informer et soutenir les Aidants Proches bruxellois afin de aire \u00e9voluer les mentalit\u00e9s par rapport \u00e0 la probl\u00e9matique des Aidants Proches\" \/>\n<meta property=\"og:url\" content=\"https:\/\/www.aidantsproches.brussels\/nl\/\" \/>\n<meta property=\"og:site_name\" content=\"Aidants Proches\" \/>\n<meta property=\"article:modified_time\" content=\"2025-08-05T09:44:45+00:00\" \/>\n<meta property=\"og:image\" content=\"https:\/\/www.aidantsproches.brussels\/wp-content\/uploads\/2018\/03\/Logo-APB.png\" \/>\n\t<meta property=\"og:image:width\" content=\"235\" \/>\n\t<meta property=\"og:image:height\" content=\"134\" \/>\n\t<meta property=\"og:image:type\" content=\"image\/png\" \/>\n<meta name=\"twitter:card\" content=\"summary_large_image\" \/>\n<meta name=\"twitter:label1\" content=\"Geschatte leestijd\" \/>\n\t<meta name=\"twitter:data1\" content=\"1 minuut\" \/>\n<script type=\"application\/ld+json\" class=\"yoast-schema-graph\">{\"@context\":\"https:\\\/\\\/schema.org\",\"@graph\":[{\"@type\":\"WebPage\",\"@id\":\"https:\\\/\\\/www.aidantsproches.brussels\\\/nl\\\/\",\"url\":\"https:\\\/\\\/www.aidantsproches.brussels\\\/nl\\\/\",\"name\":\"Aidants proches Bruxelles - Informe et soutient les Aidants Proches bruxellois\",\"isPartOf\":{\"@id\":\"https:\\\/\\\/www.aidantsproches.brussels\\\/nl\\\/#website\"},\"primaryImageOfPage\":{\"@id\":\"https:\\\/\\\/www.aidantsproches.brussels\\\/nl\\\/#primaryimage\"},\"image\":{\"@id\":\"https:\\\/\\\/www.aidantsproches.brussels\\\/nl\\\/#primaryimage\"},\"thumbnailUrl\":\"https:\\\/\\\/www.aidantsproches.brussels\\\/wp-content\\\/uploads\\\/2018\\\/03\\\/Logo-APB.png\",\"datePublished\":\"2016-12-14T09:01:42+00:00\",\"dateModified\":\"2025-08-05T09:44:45+00:00\",\"description\":\"Aidants proches Bruxelles est une ASBL qui a pour missions et objectifs d'informer et soutenir les Aidants Proches bruxellois afin de aire \u00e9voluer les mentalit\u00e9s par rapport \u00e0 la probl\u00e9matique des Aidants Proches\",\"breadcrumb\":{\"@id\":\"https:\\\/\\\/www.aidantsproches.brussels\\\/nl\\\/#breadcrumb\"},\"inLanguage\":\"nl-NL\",\"potentialAction\":[{\"@type\":\"ReadAction\",\"target\":[\"https:\\\/\\\/www.aidantsproches.brussels\\\/nl\\\/\"]}]},{\"@type\":\"ImageObject\",\"inLanguage\":\"nl-NL\",\"@id\":\"https:\\\/\\\/www.aidantsproches.brussels\\\/nl\\\/#primaryimage\",\"url\":\"https:\\\/\\\/www.aidantsproches.brussels\\\/wp-content\\\/uploads\\\/2018\\\/03\\\/Logo-APB.png\",\"contentUrl\":\"https:\\\/\\\/www.aidantsproches.brussels\\\/wp-content\\\/uploads\\\/2018\\\/03\\\/Logo-APB.png\",\"width\":235,\"height\":134},{\"@type\":\"BreadcrumbList\",\"@id\":\"https:\\\/\\\/www.aidantsproches.brussels\\\/nl\\\/#breadcrumb\",\"itemListElement\":[{\"@type\":\"ListItem\",\"position\":1,\"name\":\"Accueil\",\"item\":\"https:\\\/\\\/www.aidantsproches.brussels\\\/nl\\\/accueil\\\/\"},{\"@type\":\"ListItem\",\"position\":2,\"name\":\"Accueil\"}]},{\"@type\":\"WebSite\",\"@id\":\"https:\\\/\\\/www.aidantsproches.brussels\\\/nl\\\/#website\",\"url\":\"https:\\\/\\\/www.aidantsproches.brussels\\\/nl\\\/\",\"name\":\"Aidants Proches\",\"description\":\"\",\"potentialAction\":[{\"@type\":\"SearchAction\",\"target\":{\"@type\":\"EntryPoint\",\"urlTemplate\":\"https:\\\/\\\/www.aidantsproches.brussels\\\/nl\\\/?s={search_term_string}\"},\"query-input\":{\"@type\":\"PropertyValueSpecification\",\"valueRequired\":true,\"valueName\":\"search_term_string\"}}],\"inLanguage\":\"nl-NL\"}]}<\/script>\n<!-- \/ Yoast SEO plugin. -->","yoast_head_json":{"title":"Aidants proches Bruxelles - Informe et soutient les Aidants Proches bruxellois","description":"Aidants proches Bruxelles est une ASBL qui a pour missions et objectifs d'informer et soutenir les Aidants Proches bruxellois afin de aire \u00e9voluer les mentalit\u00e9s par rapport \u00e0 la probl\u00e9matique des Aidants Proches","robots":{"index":"index","follow":"follow","max-snippet":"max-snippet:-1","max-image-preview":"max-image-preview:large","max-video-preview":"max-video-preview:-1"},"canonical":"https:\/\/www.aidantsproches.brussels\/nl\/","og_locale":"nl_NL","og_type":"article","og_title":"Aidants proches Bruxelles - Informe et soutient les Aidants Proches bruxellois","og_description":"Aidants proches Bruxelles est une ASBL qui a pour missions et objectifs d'informer et soutenir les Aidants Proches bruxellois afin de aire \u00e9voluer les mentalit\u00e9s par rapport \u00e0 la probl\u00e9matique des Aidants Proches","og_url":"https:\/\/www.aidantsproches.brussels\/nl\/","og_site_name":"Aidants Proches","article_modified_time":"2025-08-05T09:44:45+00:00","og_image":[{"width":235,"height":134,"url":"https:\/\/www.aidantsproches.brussels\/wp-content\/uploads\/2018\/03\/Logo-APB.png","type":"image\/png"}],"twitter_card":"summary_large_image","twitter_misc":{"Geschatte leestijd":"1 minuut"},"schema":{"@context":"https:\/\/schema.org","@graph":[{"@type":"WebPage","@id":"https:\/\/www.aidantsproches.brussels\/nl\/","url":"https:\/\/www.aidantsproches.brussels\/nl\/","name":"Aidants proches Bruxelles - Informe et soutient les Aidants Proches bruxellois","isPartOf":{"@id":"https:\/\/www.aidantsproches.brussels\/nl\/#website"},"primaryImageOfPage":{"@id":"https:\/\/www.aidantsproches.brussels\/nl\/#primaryimage"},"image":{"@id":"https:\/\/www.aidantsproches.brussels\/nl\/#primaryimage"},"thumbnailUrl":"https:\/\/www.aidantsproches.brussels\/wp-content\/uploads\/2018\/03\/Logo-APB.png","datePublished":"2016-12-14T09:01:42+00:00","dateModified":"2025-08-05T09:44:45+00:00","description":"Aidants proches Bruxelles est une ASBL qui a pour missions et objectifs d'informer et soutenir les Aidants Proches bruxellois afin de aire \u00e9voluer les mentalit\u00e9s par rapport \u00e0 la probl\u00e9matique des Aidants Proches","breadcrumb":{"@id":"https:\/\/www.aidantsproches.brussels\/nl\/#breadcrumb"},"inLanguage":"nl-NL","potentialAction":[{"@type":"ReadAction","target":["https:\/\/www.aidantsproches.brussels\/nl\/"]}]},{"@type":"ImageObject","inLanguage":"nl-NL","@id":"https:\/\/www.aidantsproches.brussels\/nl\/#primaryimage","url":"https:\/\/www.aidantsproches.brussels\/wp-content\/uploads\/2018\/03\/Logo-APB.png","contentUrl":"https:\/\/www.aidantsproches.brussels\/wp-content\/uploads\/2018\/03\/Logo-APB.png","width":235,"height":134},{"@type":"BreadcrumbList","@id":"https:\/\/www.aidantsproches.brussels\/nl\/#breadcrumb","itemListElement":[{"@type":"ListItem","position":1,"name":"Accueil","item":"https:\/\/www.aidantsproches.brussels\/nl\/accueil\/"},{"@type":"ListItem","position":2,"name":"Accueil"}]},{"@type":"WebSite","@id":"https:\/\/www.aidantsproches.brussels\/nl\/#website","url":"https:\/\/www.aidantsproches.brussels\/nl\/","name":"Aidants Proches","description":"","potentialAction":[{"@type":"SearchAction","target":{"@type":"EntryPoint","urlTemplate":"https:\/\/www.aidantsproches.brussels\/nl\/?s={search_term_string}"},"query-input":{"@type":"PropertyValueSpecification","valueRequired":true,"valueName":"search_term_string"}}],"inLanguage":"nl-NL"}]}},"_links":{"self":[{"href":"https:\/\/www.aidantsproches.brussels\/nl\/wp-json\/wp\/v2\/pages\/10962","targetHints":{"allow":["GET"]}}],"collection":[{"href":"https:\/\/www.aidantsproches.brussels\/nl\/wp-json\/wp\/v2\/pages"}],"about":[{"href":"https:\/\/www.aidantsproches.brussels\/nl\/wp-json\/wp\/v2\/types\/page"}],"author":[{"embeddable":true,"href":"https:\/\/www.aidantsproches.brussels\/nl\/wp-json\/wp\/v2\/users\/1"}],"replies":[{"embeddable":true,"href":"https:\/\/www.aidantsproches.brussels\/nl\/wp-json\/wp\/v2\/comments?post=10962"}],"version-history":[{"count":3,"href":"https:\/\/www.aidantsproches.brussels\/nl\/wp-json\/wp\/v2\/pages\/10962\/revisions"}],"predecessor-version":[{"id":15556,"href":"https:\/\/www.aidantsproches.brussels\/nl\/wp-json\/wp\/v2\/pages\/10962\/revisions\/15556"}],"wp:featuredmedia":[{"embeddable":true,"href":"https:\/\/www.aidantsproches.brussels\/nl\/wp-json\/wp\/v2\/media\/10861"}],"wp:attachment":[{"href":"https:\/\/www.aidantsproches.brussels\/nl\/wp-json\/wp\/v2\/media?parent=10962"}],"curies":[{"name":"wp","href":"https:\/\/api.w.org\/{rel}","templated":true}]}}