{"id":10958,"date":"2016-11-18T10:26:29","date_gmt":"2016-11-18T09:26:29","guid":{"rendered":"https:\/\/www.aidantsproches.brussels\/aidants-proches-bxl\/missions-objectifs\/"},"modified":"2022-01-13T08:40:44","modified_gmt":"2022-01-13T07:40:44","slug":"missions-objectifs","status":"publish","type":"page","link":"https:\/\/www.aidantsproches.brussels\/nl\/aidants-proches-bxl\/missions-objectifs\/","title":{"rendered":"Missies"},"content":{"rendered":"<h2><strong>Doelstellingen\u00a0<\/strong><\/h2>\n<p>De vzw Aidants Proches Bruxelles is een <strong>centrum voor hulpmiddelen en informatie<\/strong>. Onze eerste doelstelling is om de Brusselse mantelzorgers te informeren en te ondersteunen.<\/p>\n<p>Onze tweede doelstelling is om\u00a0<strong>de attitude te veranderen<\/strong>\u00a0tegenover het thema van de mantelzorg door professionals te sensibiliseren en op te leiden,\u00a0en door de offici\u00eble erkenning van het statuut van de mantelzorgers door de Brusselse autoriteiten.<\/p>\n<h2><strong>Missies\u00a0\u00a0<\/strong><\/h2>\n<p><img loading=\"lazy\" decoding=\"async\" class=\"iconimg alignleft wp-image-10674 size-full\" src=\"https:\/\/www.aidantsproches.brussels\/wp-content\/uploads\/2016\/11\/represente.jpg\" alt=\"\" width=\"45\" height=\"45\" \/><\/p>\n<p>Het erkennen en ondersteunen van de mantelzorger, ongeacht de zelfredzaamheid van de naaste die hij\/zij bijstaat. Een luisterend oor bieden aan de mantelzorger, hem\/haar begeleiden bij het bepalen van zijn\/haar behoeften en doorverwijzen naar bestaande diensten en hulpverlening via onze telefonische permanentie<a href=\"https:\/\/www.aidantsproches.brussels\/actions\/permanences-telephoniques\/\"> (02\/474.02.55)<\/a>.<\/p>\n<p><img loading=\"lazy\" decoding=\"async\" class=\"iconimg wp-image-10672 size-full alignleft\" src=\"https:\/\/www.aidantsproches.brussels\/wp-content\/uploads\/2016\/11\/informe.jpg\" alt=\"\" width=\"45\" height=\"45\" \/><\/p>\n<p>Het brede publiek en de professionals informeren en bewustmaken van het thema van de mantelzorg.<\/p>\n<p>&nbsp;<\/p>\n<p><img loading=\"lazy\" decoding=\"async\" class=\"iconimg wp-image-10673 size-full alignleft\" src=\"https:\/\/www.aidantsproches.brussels\/wp-content\/uploads\/2016\/11\/sensibilise-1.jpg\" alt=\"\" width=\"45\" height=\"45\" \/><\/p>\n<p>De bekommernissen van de mantelzorgers delen en de stakeholders verzamelen rond het onderwerp bij het netwerk (professionals, beleidsmakers, enz).<\/p>\n<p><img loading=\"lazy\" decoding=\"async\" class=\"iconimg wp-image-10670 alignleft\" src=\"https:\/\/www.aidantsproches.brussels\/wp-content\/uploads\/2016\/11\/icon-soutient.jpg\" alt=\"\" width=\"45\" height=\"45\" \/><\/p>\n<p>Samenwerken met zusterverenigingen:\u00a0<a href=\"https:\/\/wallonie.aidants-proches.be\/\">Aidants Proches Wallonie<\/a>,\u00a0<a href=\"https:\/\/www.jeunesaidantsproches.be\/\">Jeunes &amp; Aidants Proches<\/a>\u00a0en\u00a0<a href=\"https:\/\/www.reseau-sam.be\/nl\">het netwerk van mantelzorgers SAM<\/a>.<\/p>\n<p>&nbsp;<\/p>\n<p><img loading=\"lazy\" decoding=\"async\" class=\"iconimg wp-image-10694 size-full alignleft\" src=\"https:\/\/www.aidantsproches.brussels\/wp-content\/uploads\/2016\/11\/law.jpg\" alt=\"\" width=\"45\" height=\"45\" \/><\/p>\n<p>Bijdragen aan de wettelijke erkenning van de mantelzorgers en toegang tot sociale rechten.<\/p>\n<p>&nbsp;<\/p>\n","protected":false},"excerpt":{"rendered":"Doelstellingen\u00a0 De vzw Aidants Proches Bruxelles is een centrum voor hulpmiddelen en informatie. Onze eerste doelstelling is om de Brusselse mantelzorgers te informeren en te ondersteunen. Onze tweede doelstelling is om\u00a0de attitude te veranderen\u00a0tegenover het thema van de mantelzorg door professionals te sensibiliseren en op te leiden,\u00a0en door de offici\u00eble erkenning van het statuut van&#8230; <a class=\"view-article\" href=\"https:\/\/www.aidantsproches.brussels\/nl\/aidants-proches-bxl\/missions-objectifs\/\">Bekijk Artikel<\/a>","protected":false},"author":1,"featured_media":0,"parent":10955,"menu_order":17,"comment_status":"closed","ping_status":"closed","template":"template-missions.php","meta":{"_acf_changed":false,"footnotes":""},"class_list":["post-10958","page","type-page","status-publish","hentry"],"acf":[],"yoast_head":"<!-- This site is optimized with the Yoast SEO plugin v27.4 - https:\/\/yoast.com\/product\/yoast-seo-wordpress\/ -->\n<title>Aidants proches Bruxelles - Informe et soutient les Aidants Proches bruxellois<\/title>\n<meta name=\"description\" content=\"Aidants proches Bruxelles est une ASBL qui a pour missions et objectifs d&#039;informer et soutenir les Aidants Proches bruxellois afin de aire \u00e9voluer les mentalit\u00e9s par rapport \u00e0 la probl\u00e9matique des Aidants Proches\" \/>\n<meta name=\"robots\" content=\"index, follow, max-snippet:-1, max-image-preview:large, max-video-preview:-1\" \/>\n<link rel=\"canonical\" href=\"https:\/\/www.aidantsproches.brussels\/nl\/aidants-proches-bxl\/missions-objectifs\/\" \/>\n<meta property=\"og:locale\" content=\"nl_NL\" \/>\n<meta property=\"og:type\" content=\"article\" \/>\n<meta property=\"og:title\" content=\"Aidants proches Bruxelles - Informe et soutient les Aidants Proches bruxellois\" \/>\n<meta property=\"og:description\" content=\"Aidants proches Bruxelles est une ASBL qui a pour missions et objectifs d&#039;informer et soutenir les Aidants Proches bruxellois afin de aire \u00e9voluer les mentalit\u00e9s par rapport \u00e0 la probl\u00e9matique des Aidants Proches\" \/>\n<meta property=\"og:url\" content=\"https:\/\/www.aidantsproches.brussels\/nl\/aidants-proches-bxl\/missions-objectifs\/\" \/>\n<meta property=\"og:site_name\" content=\"Aidants Proches\" \/>\n<meta property=\"article:modified_time\" content=\"2022-01-13T07:40:44+00:00\" \/>\n<meta property=\"og:image\" content=\"https:\/\/www.aidantsproches.brussels\/wp-content\/uploads\/2016\/11\/represente.jpg\" \/>\n<meta name=\"twitter:card\" content=\"summary_large_image\" \/>\n<meta name=\"twitter:label1\" content=\"Geschatte leestijd\" \/>\n\t<meta name=\"twitter:data1\" content=\"1 minuut\" \/>\n<script type=\"application\/ld+json\" class=\"yoast-schema-graph\">{\"@context\":\"https:\\\/\\\/schema.org\",\"@graph\":[{\"@type\":\"WebPage\",\"@id\":\"https:\\\/\\\/www.aidantsproches.brussels\\\/nl\\\/aidants-proches-bxl\\\/missions-objectifs\\\/\",\"url\":\"https:\\\/\\\/www.aidantsproches.brussels\\\/nl\\\/aidants-proches-bxl\\\/missions-objectifs\\\/\",\"name\":\"Aidants proches Bruxelles - Informe et soutient les Aidants Proches bruxellois\",\"isPartOf\":{\"@id\":\"https:\\\/\\\/www.aidantsproches.brussels\\\/nl\\\/#website\"},\"primaryImageOfPage\":{\"@id\":\"https:\\\/\\\/www.aidantsproches.brussels\\\/nl\\\/aidants-proches-bxl\\\/missions-objectifs\\\/#primaryimage\"},\"image\":{\"@id\":\"https:\\\/\\\/www.aidantsproches.brussels\\\/nl\\\/aidants-proches-bxl\\\/missions-objectifs\\\/#primaryimage\"},\"thumbnailUrl\":\"https:\\\/\\\/www.aidantsproches.brussels\\\/wp-content\\\/uploads\\\/2016\\\/11\\\/represente.jpg\",\"datePublished\":\"2016-11-18T09:26:29+00:00\",\"dateModified\":\"2022-01-13T07:40:44+00:00\",\"description\":\"Aidants proches Bruxelles est une ASBL qui a pour missions et objectifs d'informer et soutenir les Aidants Proches bruxellois afin de aire \u00e9voluer les mentalit\u00e9s par rapport \u00e0 la probl\u00e9matique des Aidants Proches\",\"breadcrumb\":{\"@id\":\"https:\\\/\\\/www.aidantsproches.brussels\\\/nl\\\/aidants-proches-bxl\\\/missions-objectifs\\\/#breadcrumb\"},\"inLanguage\":\"nl-NL\",\"potentialAction\":[{\"@type\":\"ReadAction\",\"target\":[\"https:\\\/\\\/www.aidantsproches.brussels\\\/nl\\\/aidants-proches-bxl\\\/missions-objectifs\\\/\"]}]},{\"@type\":\"ImageObject\",\"inLanguage\":\"nl-NL\",\"@id\":\"https:\\\/\\\/www.aidantsproches.brussels\\\/nl\\\/aidants-proches-bxl\\\/missions-objectifs\\\/#primaryimage\",\"url\":\"https:\\\/\\\/www.aidantsproches.brussels\\\/wp-content\\\/uploads\\\/2016\\\/11\\\/represente.jpg\",\"contentUrl\":\"https:\\\/\\\/www.aidantsproches.brussels\\\/wp-content\\\/uploads\\\/2016\\\/11\\\/represente.jpg\"},{\"@type\":\"BreadcrumbList\",\"@id\":\"https:\\\/\\\/www.aidantsproches.brussels\\\/nl\\\/aidants-proches-bxl\\\/missions-objectifs\\\/#breadcrumb\",\"itemListElement\":[{\"@type\":\"ListItem\",\"position\":1,\"name\":\"Accueil\",\"item\":\"https:\\\/\\\/www.aidantsproches.brussels\\\/nl\\\/accueil\\\/\"},{\"@type\":\"ListItem\",\"position\":2,\"name\":\"Mantelzorgers Brussel\",\"item\":\"https:\\\/\\\/www.aidantsproches.brussels\\\/nl\\\/aidants-proches-bxl\\\/\"},{\"@type\":\"ListItem\",\"position\":3,\"name\":\"Missies\"}]},{\"@type\":\"WebSite\",\"@id\":\"https:\\\/\\\/www.aidantsproches.brussels\\\/nl\\\/#website\",\"url\":\"https:\\\/\\\/www.aidantsproches.brussels\\\/nl\\\/\",\"name\":\"Aidants Proches\",\"description\":\"\",\"potentialAction\":[{\"@type\":\"SearchAction\",\"target\":{\"@type\":\"EntryPoint\",\"urlTemplate\":\"https:\\\/\\\/www.aidantsproches.brussels\\\/nl\\\/?s={search_term_string}\"},\"query-input\":{\"@type\":\"PropertyValueSpecification\",\"valueRequired\":true,\"valueName\":\"search_term_string\"}}],\"inLanguage\":\"nl-NL\"}]}<\/script>\n<!-- \/ Yoast SEO plugin. -->","yoast_head_json":{"title":"Aidants proches Bruxelles - Informe et soutient les Aidants Proches bruxellois","description":"Aidants proches Bruxelles est une ASBL qui a pour missions et objectifs d'informer et soutenir les Aidants Proches bruxellois afin de aire \u00e9voluer les mentalit\u00e9s par rapport \u00e0 la probl\u00e9matique des Aidants Proches","robots":{"index":"index","follow":"follow","max-snippet":"max-snippet:-1","max-image-preview":"max-image-preview:large","max-video-preview":"max-video-preview:-1"},"canonical":"https:\/\/www.aidantsproches.brussels\/nl\/aidants-proches-bxl\/missions-objectifs\/","og_locale":"nl_NL","og_type":"article","og_title":"Aidants proches Bruxelles - Informe et soutient les Aidants Proches bruxellois","og_description":"Aidants proches Bruxelles est une ASBL qui a pour missions et objectifs d'informer et soutenir les Aidants Proches bruxellois afin de aire \u00e9voluer les mentalit\u00e9s par rapport \u00e0 la probl\u00e9matique des Aidants Proches","og_url":"https:\/\/www.aidantsproches.brussels\/nl\/aidants-proches-bxl\/missions-objectifs\/","og_site_name":"Aidants Proches","article_modified_time":"2022-01-13T07:40:44+00:00","og_image":[{"url":"https:\/\/www.aidantsproches.brussels\/wp-content\/uploads\/2016\/11\/represente.jpg","type":"","width":"","height":""}],"twitter_card":"summary_large_image","twitter_misc":{"Geschatte leestijd":"1 minuut"},"schema":{"@context":"https:\/\/schema.org","@graph":[{"@type":"WebPage","@id":"https:\/\/www.aidantsproches.brussels\/nl\/aidants-proches-bxl\/missions-objectifs\/","url":"https:\/\/www.aidantsproches.brussels\/nl\/aidants-proches-bxl\/missions-objectifs\/","name":"Aidants proches Bruxelles - Informe et soutient les Aidants Proches bruxellois","isPartOf":{"@id":"https:\/\/www.aidantsproches.brussels\/nl\/#website"},"primaryImageOfPage":{"@id":"https:\/\/www.aidantsproches.brussels\/nl\/aidants-proches-bxl\/missions-objectifs\/#primaryimage"},"image":{"@id":"https:\/\/www.aidantsproches.brussels\/nl\/aidants-proches-bxl\/missions-objectifs\/#primaryimage"},"thumbnailUrl":"https:\/\/www.aidantsproches.brussels\/wp-content\/uploads\/2016\/11\/represente.jpg","datePublished":"2016-11-18T09:26:29+00:00","dateModified":"2022-01-13T07:40:44+00:00","description":"Aidants proches Bruxelles est une ASBL qui a pour missions et objectifs d'informer et soutenir les Aidants Proches bruxellois afin de aire \u00e9voluer les mentalit\u00e9s par rapport \u00e0 la probl\u00e9matique des Aidants Proches","breadcrumb":{"@id":"https:\/\/www.aidantsproches.brussels\/nl\/aidants-proches-bxl\/missions-objectifs\/#breadcrumb"},"inLanguage":"nl-NL","potentialAction":[{"@type":"ReadAction","target":["https:\/\/www.aidantsproches.brussels\/nl\/aidants-proches-bxl\/missions-objectifs\/"]}]},{"@type":"ImageObject","inLanguage":"nl-NL","@id":"https:\/\/www.aidantsproches.brussels\/nl\/aidants-proches-bxl\/missions-objectifs\/#primaryimage","url":"https:\/\/www.aidantsproches.brussels\/wp-content\/uploads\/2016\/11\/represente.jpg","contentUrl":"https:\/\/www.aidantsproches.brussels\/wp-content\/uploads\/2016\/11\/represente.jpg"},{"@type":"BreadcrumbList","@id":"https:\/\/www.aidantsproches.brussels\/nl\/aidants-proches-bxl\/missions-objectifs\/#breadcrumb","itemListElement":[{"@type":"ListItem","position":1,"name":"Accueil","item":"https:\/\/www.aidantsproches.brussels\/nl\/accueil\/"},{"@type":"ListItem","position":2,"name":"Mantelzorgers Brussel","item":"https:\/\/www.aidantsproches.brussels\/nl\/aidants-proches-bxl\/"},{"@type":"ListItem","position":3,"name":"Missies"}]},{"@type":"WebSite","@id":"https:\/\/www.aidantsproches.brussels\/nl\/#website","url":"https:\/\/www.aidantsproches.brussels\/nl\/","name":"Aidants Proches","description":"","potentialAction":[{"@type":"SearchAction","target":{"@type":"EntryPoint","urlTemplate":"https:\/\/www.aidantsproches.brussels\/nl\/?s={search_term_string}"},"query-input":{"@type":"PropertyValueSpecification","valueRequired":true,"valueName":"search_term_string"}}],"inLanguage":"nl-NL"}]}},"_links":{"self":[{"href":"https:\/\/www.aidantsproches.brussels\/nl\/wp-json\/wp\/v2\/pages\/10958","targetHints":{"allow":["GET"]}}],"collection":[{"href":"https:\/\/www.aidantsproches.brussels\/nl\/wp-json\/wp\/v2\/pages"}],"about":[{"href":"https:\/\/www.aidantsproches.brussels\/nl\/wp-json\/wp\/v2\/types\/page"}],"author":[{"embeddable":true,"href":"https:\/\/www.aidantsproches.brussels\/nl\/wp-json\/wp\/v2\/users\/1"}],"replies":[{"embeddable":true,"href":"https:\/\/www.aidantsproches.brussels\/nl\/wp-json\/wp\/v2\/comments?post=10958"}],"version-history":[{"count":2,"href":"https:\/\/www.aidantsproches.brussels\/nl\/wp-json\/wp\/v2\/pages\/10958\/revisions"}],"predecessor-version":[{"id":11003,"href":"https:\/\/www.aidantsproches.brussels\/nl\/wp-json\/wp\/v2\/pages\/10958\/revisions\/11003"}],"up":[{"embeddable":true,"href":"https:\/\/www.aidantsproches.brussels\/nl\/wp-json\/wp\/v2\/pages\/10955"}],"wp:attachment":[{"href":"https:\/\/www.aidantsproches.brussels\/nl\/wp-json\/wp\/v2\/media?parent=10958"}],"curies":[{"name":"wp","href":"https:\/\/api.w.org\/{rel}","templated":true}]}}