{"id":10957,"date":"2016-12-13T10:47:53","date_gmt":"2016-12-13T09:47:53","guid":{"rendered":"https:\/\/www.aidantsproches.brussels\/aidants-proches-bxl\/equipe\/"},"modified":"2022-01-13T08:44:08","modified_gmt":"2022-01-13T07:44:08","slug":"equipe","status":"publish","type":"page","link":"https:\/\/www.aidantsproches.brussels\/nl\/aidants-proches-bxl\/equipe\/","title":{"rendered":"Team"},"content":{"rendered":"","protected":false},"excerpt":{"rendered":"","protected":false},"author":7,"featured_media":0,"parent":10955,"menu_order":15,"comment_status":"closed","ping_status":"closed","template":"template-organisation.php","meta":{"_acf_changed":false,"footnotes":""},"class_list":["post-10957","page","type-page","status-publish","hentry"],"acf":[],"yoast_head":"<!-- This site is optimized with the Yoast SEO plugin v27.5 - https:\/\/yoast.com\/product\/yoast-seo-wordpress\/ -->\n<title>Aidants proches Bruxelles - Informe et soutient les Aidants Proches bruxellois<\/title>\n<meta name=\"description\" content=\"Aidants proches Bruxelles est une ASBL qui a pour missions et objectifs d&#039;informer et soutenir les Aidants Proches bruxellois afin de faire \u00e9voluer les mentalit\u00e9s par rapport \u00e0 la probl\u00e9matique des Aidants Proches.\" \/>\n<meta name=\"robots\" content=\"index, follow, max-snippet:-1, max-image-preview:large, max-video-preview:-1\" \/>\n<link rel=\"canonical\" href=\"https:\/\/www.aidantsproches.brussels\/nl\/aidants-proches-bxl\/equipe\/\" \/>\n<meta property=\"og:locale\" content=\"nl_NL\" \/>\n<meta property=\"og:type\" content=\"article\" \/>\n<meta property=\"og:title\" content=\"Aidants proches Bruxelles - Informe et soutient les Aidants Proches bruxellois\" \/>\n<meta property=\"og:description\" content=\"Aidants proches Bruxelles est une ASBL qui a pour missions et objectifs d&#039;informer et soutenir les Aidants Proches bruxellois afin de faire \u00e9voluer les mentalit\u00e9s par rapport \u00e0 la probl\u00e9matique des Aidants Proches.\" \/>\n<meta property=\"og:url\" content=\"https:\/\/www.aidantsproches.brussels\/nl\/aidants-proches-bxl\/equipe\/\" \/>\n<meta property=\"og:site_name\" content=\"Aidants Proches\" \/>\n<meta property=\"article:modified_time\" content=\"2022-01-13T07:44:08+00:00\" \/>\n<meta name=\"twitter:card\" content=\"summary_large_image\" \/>\n<script type=\"application\/ld+json\" class=\"yoast-schema-graph\">{\"@context\":\"https:\\\/\\\/schema.org\",\"@graph\":[{\"@type\":\"WebPage\",\"@id\":\"https:\\\/\\\/www.aidantsproches.brussels\\\/nl\\\/aidants-proches-bxl\\\/equipe\\\/\",\"url\":\"https:\\\/\\\/www.aidantsproches.brussels\\\/nl\\\/aidants-proches-bxl\\\/equipe\\\/\",\"name\":\"Aidants proches Bruxelles - Informe et soutient les Aidants Proches bruxellois\",\"isPartOf\":{\"@id\":\"https:\\\/\\\/www.aidantsproches.brussels\\\/nl\\\/#website\"},\"datePublished\":\"2016-12-13T09:47:53+00:00\",\"dateModified\":\"2022-01-13T07:44:08+00:00\",\"description\":\"Aidants proches Bruxelles est une ASBL qui a pour missions et objectifs d'informer et soutenir les Aidants Proches bruxellois afin de faire \u00e9voluer les mentalit\u00e9s par rapport \u00e0 la probl\u00e9matique des Aidants Proches.\",\"breadcrumb\":{\"@id\":\"https:\\\/\\\/www.aidantsproches.brussels\\\/nl\\\/aidants-proches-bxl\\\/equipe\\\/#breadcrumb\"},\"inLanguage\":\"nl-NL\",\"potentialAction\":[{\"@type\":\"ReadAction\",\"target\":[\"https:\\\/\\\/www.aidantsproches.brussels\\\/nl\\\/aidants-proches-bxl\\\/equipe\\\/\"]}]},{\"@type\":\"BreadcrumbList\",\"@id\":\"https:\\\/\\\/www.aidantsproches.brussels\\\/nl\\\/aidants-proches-bxl\\\/equipe\\\/#breadcrumb\",\"itemListElement\":[{\"@type\":\"ListItem\",\"position\":1,\"name\":\"Accueil\",\"item\":\"https:\\\/\\\/www.aidantsproches.brussels\\\/nl\\\/accueil\\\/\"},{\"@type\":\"ListItem\",\"position\":2,\"name\":\"Mantelzorgers Brussel\",\"item\":\"https:\\\/\\\/www.aidantsproches.brussels\\\/nl\\\/aidants-proches-bxl\\\/\"},{\"@type\":\"ListItem\",\"position\":3,\"name\":\"Team\"}]},{\"@type\":\"WebSite\",\"@id\":\"https:\\\/\\\/www.aidantsproches.brussels\\\/nl\\\/#website\",\"url\":\"https:\\\/\\\/www.aidantsproches.brussels\\\/nl\\\/\",\"name\":\"Aidants Proches\",\"description\":\"\",\"potentialAction\":[{\"@type\":\"SearchAction\",\"target\":{\"@type\":\"EntryPoint\",\"urlTemplate\":\"https:\\\/\\\/www.aidantsproches.brussels\\\/nl\\\/?s={search_term_string}\"},\"query-input\":{\"@type\":\"PropertyValueSpecification\",\"valueRequired\":true,\"valueName\":\"search_term_string\"}}],\"inLanguage\":\"nl-NL\"}]}<\/script>\n<!-- \/ Yoast SEO plugin. -->","yoast_head_json":{"title":"Aidants proches Bruxelles - Informe et soutient les Aidants Proches bruxellois","description":"Aidants proches Bruxelles est une ASBL qui a pour missions et objectifs d'informer et soutenir les Aidants Proches bruxellois afin de faire \u00e9voluer les mentalit\u00e9s par rapport \u00e0 la probl\u00e9matique des Aidants Proches.","robots":{"index":"index","follow":"follow","max-snippet":"max-snippet:-1","max-image-preview":"max-image-preview:large","max-video-preview":"max-video-preview:-1"},"canonical":"https:\/\/www.aidantsproches.brussels\/nl\/aidants-proches-bxl\/equipe\/","og_locale":"nl_NL","og_type":"article","og_title":"Aidants proches Bruxelles - Informe et soutient les Aidants Proches bruxellois","og_description":"Aidants proches Bruxelles est une ASBL qui a pour missions et objectifs d'informer et soutenir les Aidants Proches bruxellois afin de faire \u00e9voluer les mentalit\u00e9s par rapport \u00e0 la probl\u00e9matique des Aidants Proches.","og_url":"https:\/\/www.aidantsproches.brussels\/nl\/aidants-proches-bxl\/equipe\/","og_site_name":"Aidants Proches","article_modified_time":"2022-01-13T07:44:08+00:00","twitter_card":"summary_large_image","schema":{"@context":"https:\/\/schema.org","@graph":[{"@type":"WebPage","@id":"https:\/\/www.aidantsproches.brussels\/nl\/aidants-proches-bxl\/equipe\/","url":"https:\/\/www.aidantsproches.brussels\/nl\/aidants-proches-bxl\/equipe\/","name":"Aidants proches Bruxelles - Informe et soutient les Aidants Proches bruxellois","isPartOf":{"@id":"https:\/\/www.aidantsproches.brussels\/nl\/#website"},"datePublished":"2016-12-13T09:47:53+00:00","dateModified":"2022-01-13T07:44:08+00:00","description":"Aidants proches Bruxelles est une ASBL qui a pour missions et objectifs d'informer et soutenir les Aidants Proches bruxellois afin de faire \u00e9voluer les mentalit\u00e9s par rapport \u00e0 la probl\u00e9matique des Aidants Proches.","breadcrumb":{"@id":"https:\/\/www.aidantsproches.brussels\/nl\/aidants-proches-bxl\/equipe\/#breadcrumb"},"inLanguage":"nl-NL","potentialAction":[{"@type":"ReadAction","target":["https:\/\/www.aidantsproches.brussels\/nl\/aidants-proches-bxl\/equipe\/"]}]},{"@type":"BreadcrumbList","@id":"https:\/\/www.aidantsproches.brussels\/nl\/aidants-proches-bxl\/equipe\/#breadcrumb","itemListElement":[{"@type":"ListItem","position":1,"name":"Accueil","item":"https:\/\/www.aidantsproches.brussels\/nl\/accueil\/"},{"@type":"ListItem","position":2,"name":"Mantelzorgers Brussel","item":"https:\/\/www.aidantsproches.brussels\/nl\/aidants-proches-bxl\/"},{"@type":"ListItem","position":3,"name":"Team"}]},{"@type":"WebSite","@id":"https:\/\/www.aidantsproches.brussels\/nl\/#website","url":"https:\/\/www.aidantsproches.brussels\/nl\/","name":"Aidants Proches","description":"","potentialAction":[{"@type":"SearchAction","target":{"@type":"EntryPoint","urlTemplate":"https:\/\/www.aidantsproches.brussels\/nl\/?s={search_term_string}"},"query-input":{"@type":"PropertyValueSpecification","valueRequired":true,"valueName":"search_term_string"}}],"inLanguage":"nl-NL"}]}},"_links":{"self":[{"href":"https:\/\/www.aidantsproches.brussels\/nl\/wp-json\/wp\/v2\/pages\/10957","targetHints":{"allow":["GET"]}}],"collection":[{"href":"https:\/\/www.aidantsproches.brussels\/nl\/wp-json\/wp\/v2\/pages"}],"about":[{"href":"https:\/\/www.aidantsproches.brussels\/nl\/wp-json\/wp\/v2\/types\/page"}],"author":[{"embeddable":true,"href":"https:\/\/www.aidantsproches.brussels\/nl\/wp-json\/wp\/v2\/users\/7"}],"replies":[{"embeddable":true,"href":"https:\/\/www.aidantsproches.brussels\/nl\/wp-json\/wp\/v2\/comments?post=10957"}],"version-history":[{"count":2,"href":"https:\/\/www.aidantsproches.brussels\/nl\/wp-json\/wp\/v2\/pages\/10957\/revisions"}],"predecessor-version":[{"id":11005,"href":"https:\/\/www.aidantsproches.brussels\/nl\/wp-json\/wp\/v2\/pages\/10957\/revisions\/11005"}],"up":[{"embeddable":true,"href":"https:\/\/www.aidantsproches.brussels\/nl\/wp-json\/wp\/v2\/pages\/10955"}],"wp:attachment":[{"href":"https:\/\/www.aidantsproches.brussels\/nl\/wp-json\/wp\/v2\/media?parent=10957"}],"curies":[{"name":"wp","href":"https:\/\/api.w.org\/{rel}","templated":true}]}}